{"id":105,"date":"2025-03-25T13:52:08","date_gmt":"2025-03-25T13:52:08","guid":{"rendered":"https:\/\/philosophy-and-ai.cs.rptu.de\/?page_id=105"},"modified":"2025-07-03T09:39:37","modified_gmt":"2025-07-03T09:39:37","slug":"the-book-of-why","status":"publish","type":"page","link":"https:\/\/philosophie-und-ki.cs.rptu.de\/index.php\/the-book-of-why\/","title":{"rendered":"The Book of Why"},"content":{"rendered":"\n<div class=\"wp-block-media-text is-stacked-on-mobile\"><figure class=\"wp-block-media-text__media\"><img loading=\"lazy\" decoding=\"async\" width=\"664\" height=\"1024\" src=\"https:\/\/philosophy-and-ai.cs.rptu.de\/wp-content\/uploads\/2025\/03\/Pearl_Mackenzie-664x1024.jpg\" alt=\"\" class=\"wp-image-445 size-full\" srcset=\"https:\/\/philosophie-und-ki.cs.rptu.de\/wp-content\/uploads\/2025\/03\/Pearl_Mackenzie-664x1024.jpg 664w, https:\/\/philosophie-und-ki.cs.rptu.de\/wp-content\/uploads\/2025\/03\/Pearl_Mackenzie-195x300.jpg 195w, https:\/\/philosophie-und-ki.cs.rptu.de\/wp-content\/uploads\/2025\/03\/Pearl_Mackenzie-768x1184.jpg 768w, https:\/\/philosophie-und-ki.cs.rptu.de\/wp-content\/uploads\/2025\/03\/Pearl_Mackenzie.jpg 973w\" sizes=\"auto, (max-width: 664px) 100vw, 664px\" \/><\/figure><div class=\"wp-block-media-text__content\">\n<p><strong>Judea Pearl und Dana Mackenzie &#8211; 2018<\/strong><br>In &#8222;The Book of Why&#8220; enth\u00fcllt der mit dem Turing-Preis ausgezeichnete Informatiker und Statistiker Judea Pearl die transformative Kraft des Verst\u00e4ndnisses von Kausalit\u00e4t und ver\u00e4ndert damit grundlegend unseren Ansatz in der Wissenschaft und der k\u00fcnstlichen Intelligenz. Er stellt den lange gehegten Glauben in Frage, dass \u201eKorrelation nicht Kausalit\u00e4t ist\u201c. Pearl und seine Kollegen haben eine kausale Revolution eingel\u00e4utet, die die Feinheiten von Ursache und<\/p>\n<\/div><\/div>\n\n\n\n<p>Wirkung klarstellt. Dieses wegweisende Werk erm\u00f6glicht es uns, einfache Szenarien zu erkennen \u2013 wie zum Beispiel festzustellen, ob ein nasser Gehweg auf Regen oder einen Sprinkler zur\u00fcckzuf\u00fchren ist \u2013 sowie komplexe Fragestellungen zu bew\u00e4ltigen, wie die Wirksamkeit einer medizinischen Behandlung zu bewerten. Pearls Erkenntnisse beleuchten nicht nur die zugrunde liegenden Mechanismen des menschlichen Denkens, sondern legen auch die Grundlagen f\u00fcr Fortschritte in der KI. F\u00fcr jeden, der die Prinzipien der Kausalit\u00e4t und ihre weitreichenden Implikationen verstehen m\u00f6chte, ist &#8222;Das Buch der Warum&#8220; eine unverzichtbare Lekt\u00fcre.<\/p>\n\n\n\n<p><strong>Gelesen wurde<\/strong>: <br>Buchanfang,<br>Kap. 1: N\u00e4heres zur begrifflichen und algorithmischen Fassung der Kausalit\u00e4t, Kap. 10: In welchem Verh\u00e4ltnis steht Perls Programm zur neueren KI?<\/p>\n\n\n\n<p><\/p>\n\n\n\n<p>DOI: <a href=\"https:\/\/doi.org\/10.56645\/jmde.v14i31.507\">https:\/\/doi.org\/10.56645\/jmde.v14i31.507 <\/a><\/p>\n","protected":false},"excerpt":{"rendered":"<p>Judea Pearl und Dana Mackenzie &#8211; 2018In &#8222;The Book of Why&#8220; enth\u00fcllt der mit dem Turing-Preis ausgezeichnete Informatiker und Statistiker Judea Pearl die transformative Kraft des Verst\u00e4ndnisses von Kausalit\u00e4t und ver\u00e4ndert damit grundlegend unseren Ansatz in der Wissenschaft und der k\u00fcnstlichen Intelligenz. Er stellt den lange gehegten Glauben in Frage, dass \u201eKorrelation nicht Kausalit\u00e4t ist\u201c. [&hellip;]<\/p>\n","protected":false},"author":1,"featured_media":0,"parent":0,"menu_order":0,"comment_status":"closed","ping_status":"closed","template":"","meta":{"footnotes":""},"class_list":["post-105","page","type-page","status-publish","hentry"],"_links":{"self":[{"href":"https:\/\/philosophie-und-ki.cs.rptu.de\/index.php\/wp-json\/wp\/v2\/pages\/105","targetHints":{"allow":["GET"]}}],"collection":[{"href":"https:\/\/philosophie-und-ki.cs.rptu.de\/index.php\/wp-json\/wp\/v2\/pages"}],"about":[{"href":"https:\/\/philosophie-und-ki.cs.rptu.de\/index.php\/wp-json\/wp\/v2\/types\/page"}],"author":[{"embeddable":true,"href":"https:\/\/philosophie-und-ki.cs.rptu.de\/index.php\/wp-json\/wp\/v2\/users\/1"}],"replies":[{"embeddable":true,"href":"https:\/\/philosophie-und-ki.cs.rptu.de\/index.php\/wp-json\/wp\/v2\/comments?post=105"}],"version-history":[{"count":4,"href":"https:\/\/philosophie-und-ki.cs.rptu.de\/index.php\/wp-json\/wp\/v2\/pages\/105\/revisions"}],"predecessor-version":[{"id":619,"href":"https:\/\/philosophie-und-ki.cs.rptu.de\/index.php\/wp-json\/wp\/v2\/pages\/105\/revisions\/619"}],"wp:attachment":[{"href":"https:\/\/philosophie-und-ki.cs.rptu.de\/index.php\/wp-json\/wp\/v2\/media?parent=105"}],"curies":[{"name":"wp","href":"https:\/\/api.w.org\/{rel}","templated":true}]}}