{"id":195,"date":"2025-03-28T12:57:30","date_gmt":"2025-03-28T12:57:30","guid":{"rendered":"https:\/\/philosophy-and-ai.cs.rptu.de\/?page_id=195"},"modified":"2025-07-03T09:57:29","modified_gmt":"2025-07-03T09:57:29","slug":"popper","status":"publish","type":"page","link":"https:\/\/philosophie-und-ki.cs.rptu.de\/index.php\/popper\/","title":{"rendered":"&#8222;Lesebuch. Ausgew\u00e4hlte Texte zur Erkenntnistheorie, Philosophie der Naturwissenschaften, Metaphysik, Sozialphilosophie&#8220;"},"content":{"rendered":"\n<p><br><br><\/p>\n\n\n\n<div class=\"wp-block-media-text is-stacked-on-mobile\"><figure class=\"wp-block-media-text__media\"><img loading=\"lazy\" decoding=\"async\" width=\"649\" height=\"1000\" src=\"https:\/\/philosophy-and-ai.cs.rptu.de\/wp-content\/uploads\/2025\/03\/Popper.jpg\" alt=\"\" class=\"wp-image-268 size-full\" srcset=\"https:\/\/philosophie-und-ki.cs.rptu.de\/wp-content\/uploads\/2025\/03\/Popper.jpg 649w, https:\/\/philosophie-und-ki.cs.rptu.de\/wp-content\/uploads\/2025\/03\/Popper-195x300.jpg 195w\" sizes=\"auto, (max-width: 649px) 100vw, 649px\" \/><\/figure><div class=\"wp-block-media-text__content\">\n<p><strong>Karl Popper &#8211; 1997<\/strong><br>Karl Popper ist der am meisten zitierte Vertreter der Aufkl\u00e4rung in diesem Jahrhundert. Bekannt ist er als Sozialphilosoph durch &#8222;Die offene Gesellschaft und ihre Feinde&#8220; und als Wissenschaftstheoretiker der &#8222;Logik der Forschung&#8220;.<br>Au\u00dfer in diesen <em>beiden<\/em> B\u00fcchern hat er in zahllosen anderen, in Vortr\u00e4gen und Aufs\u00e4tzen von der Altphilologie bis zur Quantenphysik und Biochemie Anst\u00f6\u00dfe gegeben oder Kritik ge\u00fcbt; er hat dabei immer wieder vorgef\u00fchrt, wie man schwierige theoretische Probleme in einfacher, klarer <\/p>\n<\/div><\/div>\n\n\n\n<p>Sprache darlegen kann. Das Popper Lesebuch ist ein Querschnitt durch sein Werk und zeigt bei der Vielfalt der behandelten Probleme die erstaunliche Einheit in Poppers Denken<\/p>\n","protected":false},"excerpt":{"rendered":"<p>Karl Popper &#8211; 1997Karl Popper ist der am meisten zitierte Vertreter der Aufkl\u00e4rung in diesem Jahrhundert. Bekannt ist er als Sozialphilosoph durch &#8222;Die offene Gesellschaft und ihre Feinde&#8220; und als Wissenschaftstheoretiker der &#8222;Logik der Forschung&#8220;.Au\u00dfer in diesen beiden B\u00fcchern hat er in zahllosen anderen, in Vortr\u00e4gen und Aufs\u00e4tzen von der Altphilologie bis zur Quantenphysik und [&hellip;]<\/p>\n","protected":false},"author":1,"featured_media":0,"parent":0,"menu_order":0,"comment_status":"closed","ping_status":"closed","template":"","meta":{"footnotes":""},"class_list":["post-195","page","type-page","status-publish","hentry"],"_links":{"self":[{"href":"https:\/\/philosophie-und-ki.cs.rptu.de\/index.php\/wp-json\/wp\/v2\/pages\/195","targetHints":{"allow":["GET"]}}],"collection":[{"href":"https:\/\/philosophie-und-ki.cs.rptu.de\/index.php\/wp-json\/wp\/v2\/pages"}],"about":[{"href":"https:\/\/philosophie-und-ki.cs.rptu.de\/index.php\/wp-json\/wp\/v2\/types\/page"}],"author":[{"embeddable":true,"href":"https:\/\/philosophie-und-ki.cs.rptu.de\/index.php\/wp-json\/wp\/v2\/users\/1"}],"replies":[{"embeddable":true,"href":"https:\/\/philosophie-und-ki.cs.rptu.de\/index.php\/wp-json\/wp\/v2\/comments?post=195"}],"version-history":[{"count":6,"href":"https:\/\/philosophie-und-ki.cs.rptu.de\/index.php\/wp-json\/wp\/v2\/pages\/195\/revisions"}],"predecessor-version":[{"id":626,"href":"https:\/\/philosophie-und-ki.cs.rptu.de\/index.php\/wp-json\/wp\/v2\/pages\/195\/revisions\/626"}],"wp:attachment":[{"href":"https:\/\/philosophie-und-ki.cs.rptu.de\/index.php\/wp-json\/wp\/v2\/media?parent=195"}],"curies":[{"name":"wp","href":"https:\/\/api.w.org\/{rel}","templated":true}]}}