{"id":214,"date":"2025-03-29T09:57:06","date_gmt":"2025-03-29T09:57:06","guid":{"rendered":"https:\/\/philosophy-and-ai.cs.rptu.de\/?page_id=214"},"modified":"2025-07-09T14:11:36","modified_gmt":"2025-07-09T14:11:36","slug":"weisberg","status":"publish","type":"page","link":"https:\/\/philosophie-und-ki.cs.rptu.de\/index.php\/weisberg\/","title":{"rendered":"&#8222;Simulation and Similarity: Using Models to Understand the World&#8220;"},"content":{"rendered":"\n<p><br><\/p>\n\n\n\n<div class=\"wp-block-media-text is-stacked-on-mobile\"><figure class=\"wp-block-media-text__media\"><img loading=\"lazy\" decoding=\"async\" width=\"683\" height=\"1024\" src=\"https:\/\/philosophy-and-ai.cs.rptu.de\/wp-content\/uploads\/2025\/03\/Weisberg-683x1024.jpg\" alt=\"\" class=\"wp-image-273 size-full\" srcset=\"https:\/\/philosophie-und-ki.cs.rptu.de\/wp-content\/uploads\/2025\/03\/Weisberg-683x1024.jpg 683w, https:\/\/philosophie-und-ki.cs.rptu.de\/wp-content\/uploads\/2025\/03\/Weisberg-200x300.jpg 200w, https:\/\/philosophie-und-ki.cs.rptu.de\/wp-content\/uploads\/2025\/03\/Weisberg-768x1152.jpg 768w, https:\/\/philosophie-und-ki.cs.rptu.de\/wp-content\/uploads\/2025\/03\/Weisberg.jpg 907w\" sizes=\"auto, (max-width: 683px) 100vw, 683px\" \/><\/figure><div class=\"wp-block-media-text__content\">\n<p><strong>Prof. Dr. M. Weisberg<\/strong> <strong>&#8211; 2013<\/strong><br>In den 1950er-Jahren \u00fcberzeugte John Reber viele Kalifornier davon, dass die beste L\u00f6sung f\u00fcr die Wasserknappheit des Bundesstaates darin bestand, die Bucht von San Francisco aufzustauen. Gegen enormen politischen Druck gelang es seinen Gegnern, die Gesetzgeber davon zu \u00fcberzeugen, dass dies eine Katastrophe zur Folge h\u00e4tte \u2013 nicht allein durch empirische Messungen, sondern durch den Bau eines Modells.<br><br><em>Simulation and Similarity<\/em> erkl\u00e4rt, warum dies eine erfolgreiche<\/p>\n<\/div><\/div>\n\n\n\n<p>Strategie war. Das Buch bietet eine Darstellung von Modellbildung und Idealisierung in der modernen wissenschaftlichen Praxis, mit einem Fokus auf konkrete, mathematische und rechnergest\u00fctzte Modelle. Es behandelt drei zentrale Themen: die Natur von Modellen, die Praxis des Modellierens und die Beziehung zwischen Modellen und realen Ph\u00e4nomenen.<br><br>Neben einer sorgf\u00e4ltigen Analyse physikalischer, rechnergest\u00fctzter und mathematischer Modelle ist eine der innovativsten Ideen in <em>Simulation and Similarity<\/em> Weisbergs Darstellung der Beziehung zwischen Modell und Wirklichkeit. Er bricht mit der vorherrschenden Tradition, die diese Beziehung durch logische Konzepte wie Isomorphismus analysiert, und entwickelt stattdessen einen auf \u00c4hnlichkeit basierenden Ansatz namens \u201egewichtetes Merkmalsabgleichsverfahren\u201c (<em>weighted feature-matching<\/em>). Dieser Ansatz zur Modell-Welt-Beziehung wird mit Blick darauf entwickelt, wie Modellierung in der Praxis tats\u00e4chlich betrieben wird. Er ber\u00fccksichtigt daher, wie die theoretischen Ziele von Wissenschaftlern die Art und Weise beeinflussen, in der ihre Modelle angewendet und analysiert werden.<br>(Eigene \u00dcbersetzung von Oxford Academic)<br><br>DOI: <a href=\"https:\/\/doi.org\/10.1093\/acprof:oso\/9780199933662.001.0001\">https:\/\/doi.org\/10.1093\/acprof:oso\/9780199933662.001.0001<\/a><br><\/p>\n","protected":false},"excerpt":{"rendered":"<p>Prof. Dr. M. Weisberg &#8211; 2013In den 1950er-Jahren \u00fcberzeugte John Reber viele Kalifornier davon, dass die beste L\u00f6sung f\u00fcr die Wasserknappheit des Bundesstaates darin bestand, die Bucht von San Francisco aufzustauen. Gegen enormen politischen Druck gelang es seinen Gegnern, die Gesetzgeber davon zu \u00fcberzeugen, dass dies eine Katastrophe zur Folge h\u00e4tte \u2013 nicht allein durch [&hellip;]<\/p>\n","protected":false},"author":1,"featured_media":0,"parent":0,"menu_order":0,"comment_status":"closed","ping_status":"closed","template":"","meta":{"footnotes":""},"class_list":["post-214","page","type-page","status-publish","hentry"],"_links":{"self":[{"href":"https:\/\/philosophie-und-ki.cs.rptu.de\/index.php\/wp-json\/wp\/v2\/pages\/214","targetHints":{"allow":["GET"]}}],"collection":[{"href":"https:\/\/philosophie-und-ki.cs.rptu.de\/index.php\/wp-json\/wp\/v2\/pages"}],"about":[{"href":"https:\/\/philosophie-und-ki.cs.rptu.de\/index.php\/wp-json\/wp\/v2\/types\/page"}],"author":[{"embeddable":true,"href":"https:\/\/philosophie-und-ki.cs.rptu.de\/index.php\/wp-json\/wp\/v2\/users\/1"}],"replies":[{"embeddable":true,"href":"https:\/\/philosophie-und-ki.cs.rptu.de\/index.php\/wp-json\/wp\/v2\/comments?post=214"}],"version-history":[{"count":11,"href":"https:\/\/philosophie-und-ki.cs.rptu.de\/index.php\/wp-json\/wp\/v2\/pages\/214\/revisions"}],"predecessor-version":[{"id":639,"href":"https:\/\/philosophie-und-ki.cs.rptu.de\/index.php\/wp-json\/wp\/v2\/pages\/214\/revisions\/639"}],"wp:attachment":[{"href":"https:\/\/philosophie-und-ki.cs.rptu.de\/index.php\/wp-json\/wp\/v2\/media?parent=214"}],"curies":[{"name":"wp","href":"https:\/\/api.w.org\/{rel}","templated":true}]}}