{"id":220,"date":"2025-03-29T10:06:11","date_gmt":"2025-03-29T10:06:11","guid":{"rendered":"https:\/\/philosophy-and-ai.cs.rptu.de\/?page_id=220"},"modified":"2025-03-29T14:14:23","modified_gmt":"2025-03-29T14:14:23","slug":"6-woche","status":"publish","type":"page","link":"https:\/\/philosophie-und-ki.cs.rptu.de\/index.php\/6-woche\/","title":{"rendered":"Wie kommen Werte in gelernte, statistische Modelle?"},"content":{"rendered":"\n<p><em>In der sechsten Woche wurde diskutiert, wie gesellschaftliche Werte in den Rechner kommen. Gibt es eigentlich Rohdaten? Wieso gibt es oft so viele verschiedene Ma\u00dfe f\u00fcr ein und dasselbe, wie z.B. Qualit\u00e4tsma\u00dfe oder Fairnessma\u00dfe, \u00c4hnlichkeitsma\u00dfe, oder Unreinheitsma\u00dfe? Wie kommt Diskriminierung in ein Modell und kann es gerechtfertigt sein, dass es diskriminiert?<\/em><\/p>\n","protected":false},"excerpt":{"rendered":"<p>In der sechsten Woche wurde diskutiert, wie gesellschaftliche Werte in den Rechner kommen. Gibt es eigentlich Rohdaten? Wieso gibt es oft so viele verschiedene Ma\u00dfe f\u00fcr ein und dasselbe, wie z.B. Qualit\u00e4tsma\u00dfe oder Fairnessma\u00dfe, \u00c4hnlichkeitsma\u00dfe, oder Unreinheitsma\u00dfe? Wie kommt Diskriminierung in ein Modell und kann es gerechtfertigt sein, dass es diskriminiert?<\/p>\n","protected":false},"author":1,"featured_media":0,"parent":0,"menu_order":0,"comment_status":"closed","ping_status":"closed","template":"","meta":{"footnotes":""},"class_list":["post-220","page","type-page","status-publish","hentry"],"_links":{"self":[{"href":"https:\/\/philosophie-und-ki.cs.rptu.de\/index.php\/wp-json\/wp\/v2\/pages\/220","targetHints":{"allow":["GET"]}}],"collection":[{"href":"https:\/\/philosophie-und-ki.cs.rptu.de\/index.php\/wp-json\/wp\/v2\/pages"}],"about":[{"href":"https:\/\/philosophie-und-ki.cs.rptu.de\/index.php\/wp-json\/wp\/v2\/types\/page"}],"author":[{"embeddable":true,"href":"https:\/\/philosophie-und-ki.cs.rptu.de\/index.php\/wp-json\/wp\/v2\/users\/1"}],"replies":[{"embeddable":true,"href":"https:\/\/philosophie-und-ki.cs.rptu.de\/index.php\/wp-json\/wp\/v2\/comments?post=220"}],"version-history":[{"count":3,"href":"https:\/\/philosophie-und-ki.cs.rptu.de\/index.php\/wp-json\/wp\/v2\/pages\/220\/revisions"}],"predecessor-version":[{"id":289,"href":"https:\/\/philosophie-und-ki.cs.rptu.de\/index.php\/wp-json\/wp\/v2\/pages\/220\/revisions\/289"}],"wp:attachment":[{"href":"https:\/\/philosophie-und-ki.cs.rptu.de\/index.php\/wp-json\/wp\/v2\/media?parent=220"}],"curies":[{"name":"wp","href":"https:\/\/api.w.org\/{rel}","templated":true}]}}