{"id":225,"date":"2025-03-29T10:27:30","date_gmt":"2025-03-29T10:27:30","guid":{"rendered":"https:\/\/philosophy-and-ai.cs.rptu.de\/?page_id=225"},"modified":"2025-07-03T10:01:11","modified_gmt":"2025-07-03T10:01:11","slug":"die-struktur-wissenschaftlicher-revolutionen","status":"publish","type":"page","link":"https:\/\/philosophie-und-ki.cs.rptu.de\/index.php\/die-struktur-wissenschaftlicher-revolutionen\/","title":{"rendered":"&#8222;Die Struktur wissenschaftlicher Revolutionen&#8220;"},"content":{"rendered":"\n<p><br><br><\/p>\n\n\n\n<div class=\"wp-block-media-text is-stacked-on-mobile\"><figure class=\"wp-block-media-text__media\"><img loading=\"lazy\" decoding=\"async\" width=\"625\" height=\"1024\" src=\"https:\/\/philosophy-and-ai.cs.rptu.de\/wp-content\/uploads\/2025\/03\/Kuhn-625x1024.jpg\" alt=\"\" class=\"wp-image-285 size-full\" srcset=\"https:\/\/philosophie-und-ki.cs.rptu.de\/wp-content\/uploads\/2025\/03\/Kuhn-625x1024.jpg 625w, https:\/\/philosophie-und-ki.cs.rptu.de\/wp-content\/uploads\/2025\/03\/Kuhn-183x300.jpg 183w, https:\/\/philosophie-und-ki.cs.rptu.de\/wp-content\/uploads\/2025\/03\/Kuhn-768x1259.jpg 768w, https:\/\/philosophie-und-ki.cs.rptu.de\/wp-content\/uploads\/2025\/03\/Kuhn.jpg 915w\" sizes=\"auto, (max-width: 625px) 100vw, 625px\" \/><\/figure><div class=\"wp-block-media-text__content\">\n<p><strong>Thomas Kuhn &#8211;  1976<\/strong><br>Kuhns Thema ist der Prozess, in dem wissenschaftliche Erkenntnisse erzielt werden. Fortschritt in der Wissenschaft &#8211; das ist seine These &#8211; vollzieht sich nicht durch kontinuierliche Ver\u00e4nderung, sondern durch revolution\u00e4re Prozesse. Dabei beschreibt <em>der<\/em> Begriff der wissenschaftlichen Revolution den Vorgang, bei dem bestehende Erkl\u00e4rungsmodelle, an denen und mit denen die wissenschaftliche Welt bis dahin gearbeitet hat, abgel\u00f6st und durch andere ersetzt werden: es findet ein Paradigmenwechsel statt.<br>ISBN: 978-3-518-27625-9<\/p>\n<\/div><\/div>\n\n\n\n<p><strong>Gelesen wurden:<\/strong> Kapitel 4, 9 und 10 <\/p>\n","protected":false},"excerpt":{"rendered":"<p>Thomas Kuhn &#8211; 1976Kuhns Thema ist der Prozess, in dem wissenschaftliche Erkenntnisse erzielt werden. Fortschritt in der Wissenschaft &#8211; das ist seine These &#8211; vollzieht sich nicht durch kontinuierliche Ver\u00e4nderung, sondern durch revolution\u00e4re Prozesse. Dabei beschreibt der Begriff der wissenschaftlichen Revolution den Vorgang, bei dem bestehende Erkl\u00e4rungsmodelle, an denen und mit denen die wissenschaftliche Welt [&hellip;]<\/p>\n","protected":false},"author":1,"featured_media":0,"parent":0,"menu_order":0,"comment_status":"closed","ping_status":"closed","template":"","meta":{"footnotes":""},"class_list":["post-225","page","type-page","status-publish","hentry"],"_links":{"self":[{"href":"https:\/\/philosophie-und-ki.cs.rptu.de\/index.php\/wp-json\/wp\/v2\/pages\/225","targetHints":{"allow":["GET"]}}],"collection":[{"href":"https:\/\/philosophie-und-ki.cs.rptu.de\/index.php\/wp-json\/wp\/v2\/pages"}],"about":[{"href":"https:\/\/philosophie-und-ki.cs.rptu.de\/index.php\/wp-json\/wp\/v2\/types\/page"}],"author":[{"embeddable":true,"href":"https:\/\/philosophie-und-ki.cs.rptu.de\/index.php\/wp-json\/wp\/v2\/users\/1"}],"replies":[{"embeddable":true,"href":"https:\/\/philosophie-und-ki.cs.rptu.de\/index.php\/wp-json\/wp\/v2\/comments?post=225"}],"version-history":[{"count":7,"href":"https:\/\/philosophie-und-ki.cs.rptu.de\/index.php\/wp-json\/wp\/v2\/pages\/225\/revisions"}],"predecessor-version":[{"id":630,"href":"https:\/\/philosophie-und-ki.cs.rptu.de\/index.php\/wp-json\/wp\/v2\/pages\/225\/revisions\/630"}],"wp:attachment":[{"href":"https:\/\/philosophie-und-ki.cs.rptu.de\/index.php\/wp-json\/wp\/v2\/media?parent=225"}],"curies":[{"name":"wp","href":"https:\/\/api.w.org\/{rel}","templated":true}]}}