{"id":230,"date":"2025-03-29T10:37:49","date_gmt":"2025-03-29T10:37:49","guid":{"rendered":"https:\/\/philosophy-and-ai.cs.rptu.de\/?page_id=230"},"modified":"2025-07-09T14:14:21","modified_gmt":"2025-07-09T14:14:21","slug":"woche-10","status":"publish","type":"page","link":"https:\/\/philosophie-und-ki.cs.rptu.de\/index.php\/woche-10\/","title":{"rendered":"&#8222;Why Trust Science?&#8220;"},"content":{"rendered":"\n<div class=\"wp-block-columns is-layout-flex wp-container-core-columns-is-layout-1 wp-block-columns-is-layout-flex\">\n<div class=\"wp-block-column is-layout-flow wp-block-column-is-layout-flow\" style=\"flex-basis:100%\"><\/div>\n<\/div>\n\n\n\n<div class=\"wp-block-media-text is-stacked-on-mobile\"><figure class=\"wp-block-media-text__media\"><img loading=\"lazy\" decoding=\"async\" width=\"663\" height=\"1024\" src=\"https:\/\/philosophy-and-ai.cs.rptu.de\/wp-content\/uploads\/2025\/03\/oreskes-663x1024.jpg\" alt=\"\" class=\"wp-image-281 size-full\" srcset=\"https:\/\/philosophie-und-ki.cs.rptu.de\/wp-content\/uploads\/2025\/03\/oreskes-663x1024.jpg 663w, https:\/\/philosophie-und-ki.cs.rptu.de\/wp-content\/uploads\/2025\/03\/oreskes-194x300.jpg 194w, https:\/\/philosophie-und-ki.cs.rptu.de\/wp-content\/uploads\/2025\/03\/oreskes-768x1186.jpg 768w, https:\/\/philosophie-und-ki.cs.rptu.de\/wp-content\/uploads\/2025\/03\/oreskes.jpg 971w\" sizes=\"auto, (max-width: 663px) 100vw, 663px\" \/><\/figure><div class=\"wp-block-media-text__content\">\n<p><strong>Naomi Oreskes &#8211;<\/strong> <strong>2021<\/strong><br>Haben \u00c4rzte recht, wenn sie sagen, dass Impfstoffe sicher sind? Sollten wir Klimawissenschaftlern glauben, wenn sie uns vor den Gefahren der globalen Erw\u00e4rmung warnen? Warum sollten wir der Wissenschaft vertrauen, wenn so viele unserer politischen F\u00fchrungskr\u00e4fte es nicht tun?<br><br>Naomi Oreskes liefert eine mutige und \u00fcberzeugende Verteidigung der Wissenschaft und zeigt, warum der soziale Charakter wissenschaftlichen Wissens seine gr\u00f6\u00dfte St\u00e4rke ist \u2013 und der wichtigste Grund, <\/p>\n<\/div><\/div>\n\n\n\n<p>warum wir ihm vertrauen k\u00f6nnen. Sie verfolgt die Geschichte und Philosophie der Wissenschaft vom sp\u00e4ten 19. Jahrhundert bis heute und pr\u00e4sentiert ein aktuelles und aufr\u00fcttelndes Buch. Diese Ausgabe enth\u00e4lt ein neues Vorwort von Oreskes sowie kritische Beitr\u00e4ge von Klimaexperten Ottmar Edenhofer und Martin Kowarsch, dem Politikwissenschaftler Jon Krosnick, dem Wissenschaftsphilosophen Marc Lange und der Wissenschaftshistorikerin Susan Lindee sowie ein Vorwort des Politikwissenschaftlers Stephen Macedo.<br><br>ISBN: 978-0-691-21226-5<\/p>\n","protected":false},"excerpt":{"rendered":"<p>Naomi Oreskes &#8211; 2021Haben \u00c4rzte recht, wenn sie sagen, dass Impfstoffe sicher sind? Sollten wir Klimawissenschaftlern glauben, wenn sie uns vor den Gefahren der globalen Erw\u00e4rmung warnen? Warum sollten wir der Wissenschaft vertrauen, wenn so viele unserer politischen F\u00fchrungskr\u00e4fte es nicht tun? Naomi Oreskes liefert eine mutige und \u00fcberzeugende Verteidigung der Wissenschaft und zeigt, warum [&hellip;]<\/p>\n","protected":false},"author":1,"featured_media":0,"parent":0,"menu_order":0,"comment_status":"closed","ping_status":"closed","template":"","meta":{"footnotes":""},"class_list":["post-230","page","type-page","status-publish","hentry"],"_links":{"self":[{"href":"https:\/\/philosophie-und-ki.cs.rptu.de\/index.php\/wp-json\/wp\/v2\/pages\/230","targetHints":{"allow":["GET"]}}],"collection":[{"href":"https:\/\/philosophie-und-ki.cs.rptu.de\/index.php\/wp-json\/wp\/v2\/pages"}],"about":[{"href":"https:\/\/philosophie-und-ki.cs.rptu.de\/index.php\/wp-json\/wp\/v2\/types\/page"}],"author":[{"embeddable":true,"href":"https:\/\/philosophie-und-ki.cs.rptu.de\/index.php\/wp-json\/wp\/v2\/users\/1"}],"replies":[{"embeddable":true,"href":"https:\/\/philosophie-und-ki.cs.rptu.de\/index.php\/wp-json\/wp\/v2\/comments?post=230"}],"version-history":[{"count":15,"href":"https:\/\/philosophie-und-ki.cs.rptu.de\/index.php\/wp-json\/wp\/v2\/pages\/230\/revisions"}],"predecessor-version":[{"id":640,"href":"https:\/\/philosophie-und-ki.cs.rptu.de\/index.php\/wp-json\/wp\/v2\/pages\/230\/revisions\/640"}],"wp:attachment":[{"href":"https:\/\/philosophie-und-ki.cs.rptu.de\/index.php\/wp-json\/wp\/v2\/media?parent=230"}],"curies":[{"name":"wp","href":"https:\/\/api.w.org\/{rel}","templated":true}]}}