{"id":233,"date":"2025-03-29T10:56:48","date_gmt":"2025-03-29T10:56:48","guid":{"rendered":"https:\/\/philosophy-and-ai.cs.rptu.de\/?page_id=233"},"modified":"2025-03-29T13:16:53","modified_gmt":"2025-03-29T13:16:53","slug":"simpsons-paradox","status":"publish","type":"page","link":"https:\/\/philosophie-und-ki.cs.rptu.de\/index.php\/simpsons-paradox\/","title":{"rendered":"&#8222;Causal inference in statistics&#8220;"},"content":{"rendered":"\n<p><strong>Judea Pearl, Madelyn Glymour, und Nicholas P. Jewell &#8211; 2016:<\/strong><\/p>\n\n\n\n<div class=\"wp-block-media-text is-stacked-on-mobile\"><figure class=\"wp-block-media-text__media\"><img loading=\"lazy\" decoding=\"async\" width=\"712\" height=\"1024\" src=\"https:\/\/philosophy-and-ai.cs.rptu.de\/wp-content\/uploads\/2025\/03\/pearl_et_al-712x1024.jpg\" alt=\"\" class=\"wp-image-279 size-full\" srcset=\"https:\/\/philosophie-und-ki.cs.rptu.de\/wp-content\/uploads\/2025\/03\/pearl_et_al-712x1024.jpg 712w, https:\/\/philosophie-und-ki.cs.rptu.de\/wp-content\/uploads\/2025\/03\/pearl_et_al-209x300.jpg 209w, https:\/\/philosophie-und-ki.cs.rptu.de\/wp-content\/uploads\/2025\/03\/pearl_et_al-768x1104.jpg 768w, https:\/\/philosophie-und-ki.cs.rptu.de\/wp-content\/uploads\/2025\/03\/pearl_et_al.jpg 946w\" sizes=\"auto, (max-width: 712px) 100vw, 712px\" \/><\/figure><div class=\"wp-block-media-text__content\">\n<p><br>Viele der Konzepte und die Terminologie rund um moderne kausale Inferenz k\u00f6nnen f\u00fcr Anf\u00e4nger recht einsch\u00fcchternd sein. Judea Pearl pr\u00e4sentiert ein Buch, das ideal f\u00fcr Einsteiger in die Statistik ist und eine umfassende Einf\u00fchrung in das Gebiet der Kausalit\u00e4t bietet. Durchgehend werden Beispiele aus der klassischen Statistik verwendet, um die Notwendigkeit der Kausalit\u00e4tsanalyse bei der L\u00f6sung datenbasierter Entscheidungsprobleme zu veranschaulichen. Kausale Methoden werden zudem mit <\/p>\n<\/div><\/div>\n\n\n\n<p>traditionellen statistischen Methoden verglichen. Am Ende jedes Abschnitts gibt es Fragen, die das Lernen der Studierenden unterst\u00fctzen.<br><br>ISBN: 978-1-119-18684-7<\/p>\n","protected":false},"excerpt":{"rendered":"<p>Judea Pearl, Madelyn Glymour, und Nicholas P. Jewell &#8211; 2016: Viele der Konzepte und die Terminologie rund um moderne kausale Inferenz k\u00f6nnen f\u00fcr Anf\u00e4nger recht einsch\u00fcchternd sein. Judea Pearl pr\u00e4sentiert ein Buch, das ideal f\u00fcr Einsteiger in die Statistik ist und eine umfassende Einf\u00fchrung in das Gebiet der Kausalit\u00e4t bietet. Durchgehend werden Beispiele aus der [&hellip;]<\/p>\n","protected":false},"author":1,"featured_media":0,"parent":0,"menu_order":0,"comment_status":"closed","ping_status":"closed","template":"","meta":{"footnotes":""},"class_list":["post-233","page","type-page","status-publish","hentry"],"_links":{"self":[{"href":"https:\/\/philosophie-und-ki.cs.rptu.de\/index.php\/wp-json\/wp\/v2\/pages\/233","targetHints":{"allow":["GET"]}}],"collection":[{"href":"https:\/\/philosophie-und-ki.cs.rptu.de\/index.php\/wp-json\/wp\/v2\/pages"}],"about":[{"href":"https:\/\/philosophie-und-ki.cs.rptu.de\/index.php\/wp-json\/wp\/v2\/types\/page"}],"author":[{"embeddable":true,"href":"https:\/\/philosophie-und-ki.cs.rptu.de\/index.php\/wp-json\/wp\/v2\/users\/1"}],"replies":[{"embeddable":true,"href":"https:\/\/philosophie-und-ki.cs.rptu.de\/index.php\/wp-json\/wp\/v2\/comments?post=233"}],"version-history":[{"count":2,"href":"https:\/\/philosophie-und-ki.cs.rptu.de\/index.php\/wp-json\/wp\/v2\/pages\/233\/revisions"}],"predecessor-version":[{"id":280,"href":"https:\/\/philosophie-und-ki.cs.rptu.de\/index.php\/wp-json\/wp\/v2\/pages\/233\/revisions\/280"}],"wp:attachment":[{"href":"https:\/\/philosophie-und-ki.cs.rptu.de\/index.php\/wp-json\/wp\/v2\/media?parent=233"}],"curies":[{"name":"wp","href":"https:\/\/api.w.org\/{rel}","templated":true}]}}