{"id":310,"date":"2025-03-29T16:39:44","date_gmt":"2025-03-29T16:39:44","guid":{"rendered":"https:\/\/philosophy-and-ai.cs.rptu.de\/?page_id=310"},"modified":"2025-03-29T16:39:44","modified_gmt":"2025-03-29T16:39:44","slug":"was-ist-information","status":"publish","type":"page","link":"https:\/\/philosophie-und-ki.cs.rptu.de\/index.php\/was-ist-information\/","title":{"rendered":"Was ist Information?"},"content":{"rendered":"\n<div class=\"wp-block-media-text is-stacked-on-mobile\"><figure class=\"wp-block-media-text__media\"><img loading=\"lazy\" decoding=\"async\" width=\"602\" height=\"1024\" src=\"https:\/\/philosophy-and-ai.cs.rptu.de\/wp-content\/uploads\/2025\/03\/Janich-602x1024.jpg\" alt=\"\" class=\"wp-image-311 size-full\" srcset=\"https:\/\/philosophie-und-ki.cs.rptu.de\/wp-content\/uploads\/2025\/03\/Janich-602x1024.jpg 602w, https:\/\/philosophie-und-ki.cs.rptu.de\/wp-content\/uploads\/2025\/03\/Janich-176x300.jpg 176w, https:\/\/philosophie-und-ki.cs.rptu.de\/wp-content\/uploads\/2025\/03\/Janich-768x1306.jpg 768w, https:\/\/philosophie-und-ki.cs.rptu.de\/wp-content\/uploads\/2025\/03\/Janich.jpg 882w\" sizes=\"auto, (max-width: 602px) 100vw, 602px\" \/><\/figure><div class=\"wp-block-media-text__content\">\n<p><strong>Peter Janich &#8211; 2006<\/strong><br>Information ist ein allgegenw\u00e4rtiger Begriff im Alltag, in den Wissenschaften und in der Philosophie. Heute wird er immer mehr von den Naturwissenschaften als ureigenster Gegenstand reklamiert: Er wird \u00bbnaturalisiert\u00ab. Das Buch zeichnet den Weg <em>nach,<\/em> wie aus Physik und Mathematik Auffassungen entstehen, die \u00fcber die Wissenschaftstheorie und die Sprachphilosophie zur Grundlage der Nachrichtentechnik und der Kybernetik werden, um schlie\u00dflich bei der \u00bbErbinformation\u00ab und anderen Naturgegenst\u00e4nden zu landen.<\/p>\n<\/div><\/div>\n\n\n\n<p>So entsteht eine mi\u00dfverstandene Form des K\u00f6rper-Geist- Problems: Wie kommen technische Objekte, aber auch Molek\u00fcle im menschlichen Genom zu Eigenschaften, die urspr\u00fcnglich der menschlichen Sprache vorbehalten waren?<br><br>Dieses Buch korrigiert Mi\u00dfverst\u00e4ndnisse, weist heute \u00fcbliche Ausdrucksweisen als (teilweise irrt\u00fcmliche) Metaphern aus und rekonstruiert das menschliche Handeln und Sprechen als Grundlage von technischen und nat\u00fcrlichen Formen der Informationsverarbeitung.<br><br>ISBN: 978-3-518-58470-5<\/p>\n","protected":false},"excerpt":{"rendered":"<p>Peter Janich &#8211; 2006Information ist ein allgegenw\u00e4rtiger Begriff im Alltag, in den Wissenschaften und in der Philosophie. Heute wird er immer mehr von den Naturwissenschaften als ureigenster Gegenstand reklamiert: Er wird \u00bbnaturalisiert\u00ab. Das Buch zeichnet den Weg nach, wie aus Physik und Mathematik Auffassungen entstehen, die \u00fcber die Wissenschaftstheorie und die Sprachphilosophie zur Grundlage der [&hellip;]<\/p>\n","protected":false},"author":1,"featured_media":0,"parent":0,"menu_order":0,"comment_status":"closed","ping_status":"closed","template":"","meta":{"footnotes":""},"class_list":["post-310","page","type-page","status-publish","hentry"],"_links":{"self":[{"href":"https:\/\/philosophie-und-ki.cs.rptu.de\/index.php\/wp-json\/wp\/v2\/pages\/310","targetHints":{"allow":["GET"]}}],"collection":[{"href":"https:\/\/philosophie-und-ki.cs.rptu.de\/index.php\/wp-json\/wp\/v2\/pages"}],"about":[{"href":"https:\/\/philosophie-und-ki.cs.rptu.de\/index.php\/wp-json\/wp\/v2\/types\/page"}],"author":[{"embeddable":true,"href":"https:\/\/philosophie-und-ki.cs.rptu.de\/index.php\/wp-json\/wp\/v2\/users\/1"}],"replies":[{"embeddable":true,"href":"https:\/\/philosophie-und-ki.cs.rptu.de\/index.php\/wp-json\/wp\/v2\/comments?post=310"}],"version-history":[{"count":1,"href":"https:\/\/philosophie-und-ki.cs.rptu.de\/index.php\/wp-json\/wp\/v2\/pages\/310\/revisions"}],"predecessor-version":[{"id":312,"href":"https:\/\/philosophie-und-ki.cs.rptu.de\/index.php\/wp-json\/wp\/v2\/pages\/310\/revisions\/312"}],"wp:attachment":[{"href":"https:\/\/philosophie-und-ki.cs.rptu.de\/index.php\/wp-json\/wp\/v2\/media?parent=310"}],"curies":[{"name":"wp","href":"https:\/\/api.w.org\/{rel}","templated":true}]}}