{"id":313,"date":"2025-03-29T16:51:53","date_gmt":"2025-03-29T16:51:53","guid":{"rendered":"https:\/\/philosophy-and-ai.cs.rptu.de\/?page_id=313"},"modified":"2025-03-29T16:53:44","modified_gmt":"2025-03-29T16:53:44","slug":"handwerk-und-mundwerk","status":"publish","type":"page","link":"https:\/\/philosophie-und-ki.cs.rptu.de\/index.php\/handwerk-und-mundwerk\/","title":{"rendered":"Handwerk und Mundwerk"},"content":{"rendered":"\n<div class=\"wp-block-media-text is-stacked-on-mobile\"><figure class=\"wp-block-media-text__media\"><img loading=\"lazy\" decoding=\"async\" width=\"658\" height=\"1024\" src=\"https:\/\/philosophy-and-ai.cs.rptu.de\/wp-content\/uploads\/2025\/03\/janich2-658x1024.jpg\" alt=\"\" class=\"wp-image-314 size-full\" srcset=\"https:\/\/philosophie-und-ki.cs.rptu.de\/wp-content\/uploads\/2025\/03\/janich2-658x1024.jpg 658w, https:\/\/philosophie-und-ki.cs.rptu.de\/wp-content\/uploads\/2025\/03\/janich2-193x300.jpg 193w, https:\/\/philosophie-und-ki.cs.rptu.de\/wp-content\/uploads\/2025\/03\/janich2-768x1195.jpg 768w, https:\/\/philosophie-und-ki.cs.rptu.de\/wp-content\/uploads\/2025\/03\/janich2.jpg 964w\" sizes=\"auto, (max-width: 658px) 100vw, 658px\" \/><\/figure><div class=\"wp-block-media-text__content\">\n<p><strong>Peter Janich &#8211; 2015:<\/strong><br>Bereits die griechischantike Philosophie stellte das Handwerk in der Rangfolge der Wertsch\u00e4tzung weit unter die viel edlere &#8222;reine Theorie&#8220;. Seither steht der Theoretiker im Gegensatz zum Praktiker, also zum Arbeiter und Handwerker. Es wirkt das Vorurteil, dass der Handwerker nichts zur theorief\u00e4higen Erkenntnis beitrage. Der Physiker genie\u00dft mehr Ansehen als der Ingenieur, und dieser wieder mehr als der Handwerker. Peter Janich unternimmt in diesem spannend geschriebenen Buch eine beeindruckende <\/p>\n<\/div><\/div>\n\n\n\n<p>Forschungsreise durch die Wissenschaftsgeschichte. Ein philosophischer Blick auf die F\u00e4cher Geometrie, Physik, Chemie, Lebens- und Kommunikationswissenschaft zeigt, dass diese ihre Gegenst\u00e4nde handwerklicher Herstellung verdanken. Mehr noch, die zweckm\u00e4\u00dfige Reihenfolge von Schritten im Herstellen gibt dem &#8222;Mundwerk&#8220;, also der logischen Begriffs- und Theoriebildung, eine eigene Rationalit\u00e4t. Was der Handwerker in das gute Funktionieren seiner Produkte als Zweck investiert, macht am Ende den technischen Erfolg der modernen Naturwissenschaften aus. Das Buch ist anschauliche Wissenschaftsphilosophie und nicht zuletzt eine Ehrenrettung des Handwerks vor seinen Ver\u00e4chtern.<br><br>ISBN: 978-3-406-67490-7<\/p>\n","protected":false},"excerpt":{"rendered":"<p>Peter Janich &#8211; 2015:Bereits die griechischantike Philosophie stellte das Handwerk in der Rangfolge der Wertsch\u00e4tzung weit unter die viel edlere &#8222;reine Theorie&#8220;. Seither steht der Theoretiker im Gegensatz zum Praktiker, also zum Arbeiter und Handwerker. Es wirkt das Vorurteil, dass der Handwerker nichts zur theorief\u00e4higen Erkenntnis beitrage. Der Physiker genie\u00dft mehr Ansehen als der Ingenieur, [&hellip;]<\/p>\n","protected":false},"author":1,"featured_media":0,"parent":0,"menu_order":0,"comment_status":"closed","ping_status":"closed","template":"","meta":{"footnotes":""},"class_list":["post-313","page","type-page","status-publish","hentry"],"_links":{"self":[{"href":"https:\/\/philosophie-und-ki.cs.rptu.de\/index.php\/wp-json\/wp\/v2\/pages\/313","targetHints":{"allow":["GET"]}}],"collection":[{"href":"https:\/\/philosophie-und-ki.cs.rptu.de\/index.php\/wp-json\/wp\/v2\/pages"}],"about":[{"href":"https:\/\/philosophie-und-ki.cs.rptu.de\/index.php\/wp-json\/wp\/v2\/types\/page"}],"author":[{"embeddable":true,"href":"https:\/\/philosophie-und-ki.cs.rptu.de\/index.php\/wp-json\/wp\/v2\/users\/1"}],"replies":[{"embeddable":true,"href":"https:\/\/philosophie-und-ki.cs.rptu.de\/index.php\/wp-json\/wp\/v2\/comments?post=313"}],"version-history":[{"count":2,"href":"https:\/\/philosophie-und-ki.cs.rptu.de\/index.php\/wp-json\/wp\/v2\/pages\/313\/revisions"}],"predecessor-version":[{"id":317,"href":"https:\/\/philosophie-und-ki.cs.rptu.de\/index.php\/wp-json\/wp\/v2\/pages\/313\/revisions\/317"}],"wp:attachment":[{"href":"https:\/\/philosophie-und-ki.cs.rptu.de\/index.php\/wp-json\/wp\/v2\/media?parent=313"}],"curies":[{"name":"wp","href":"https:\/\/api.w.org\/{rel}","templated":true}]}}