{"id":354,"date":"2025-03-30T11:36:29","date_gmt":"2025-03-30T11:36:29","guid":{"rendered":"https:\/\/philosophy-and-ai.cs.rptu.de\/?page_id=354"},"modified":"2025-03-30T11:54:43","modified_gmt":"2025-03-30T11:54:43","slug":"network-analysis-literacy-a-practical-approach-to-the-analysis-of-networks","status":"publish","type":"page","link":"https:\/\/philosophie-und-ki.cs.rptu.de\/index.php\/network-analysis-literacy-a-practical-approach-to-the-analysis-of-networks\/","title":{"rendered":"&#8222;Network Analysis Literacy-A practical approach to the analysis of networks&#8220;"},"content":{"rendered":"\n<div class=\"wp-block-media-text is-stacked-on-mobile\"><figure class=\"wp-block-media-text__media\"><img loading=\"lazy\" decoding=\"async\" width=\"680\" height=\"1024\" src=\"https:\/\/philosophy-and-ai.cs.rptu.de\/wp-content\/uploads\/2025\/03\/Zweig-680x1024.webp\" alt=\"\" class=\"wp-image-355 size-full\" srcset=\"https:\/\/philosophie-und-ki.cs.rptu.de\/wp-content\/uploads\/2025\/03\/Zweig-680x1024.webp 680w, https:\/\/philosophie-und-ki.cs.rptu.de\/wp-content\/uploads\/2025\/03\/Zweig-199x300.webp 199w, https:\/\/philosophie-und-ki.cs.rptu.de\/wp-content\/uploads\/2025\/03\/Zweig-768x1156.webp 768w, https:\/\/philosophie-und-ki.cs.rptu.de\/wp-content\/uploads\/2025\/03\/Zweig.webp 827w\" sizes=\"auto, (max-width: 680px) 100vw, 680px\" \/><\/figure><div class=\"wp-block-media-text__content\">\n<p><strong>Katharina A. Zweig &#8211; 2016<\/strong><br>Dieses Buch betrachtet die <strong>Netzwerkanalyse<\/strong> als ein Werkzeug, um bedeutende Strukturen in den Interaktionsmustern zwischen verschiedenen Arten von Entit\u00e4ten zu identifizieren und zu quantifizieren. Dar\u00fcber hinaus erm\u00f6glicht die Netzwerkanalyse, diese Strukturen mit den Eigenschaften der beteiligten Entit\u00e4ten in Beziehung zu setzen. Sie hat sich als \u00e4u\u00dferst n\u00fctzlich f\u00fcr die Analyse biologischer und sozialer Netzwerke erwiesen, aber auch f\u00fcr Netzwerke, die komplexe <\/p>\n<\/div><\/div>\n\n\n\n<p>Systeme in Wirtschaft, Psychologie, Geografie und vielen anderen Bereichen beschreiben. Heute erm\u00f6glichen Open-Source-Plattformen wie R sowie andere Open-Source-Softwareprojekte Wissenschaftlern aller Fachrichtungen, Netzwerkanalysemethoden schnell auf ihre Datens\u00e4tze anzuwenden. Allerdings ist das Angebot an Methoden so vielf\u00e4ltig, dass es f\u00fcr Einsteiger in das Feld \u00fcberw\u00e4ltigend sein kann. Dieses Buch dient als Leitfaden durch den Dschungel der Netzwerkanalysemethoden, gibt Empfehlungen zur Auswahl der besten Methode f\u00fcr ein bestimmtes Projekt und zeigt, wie h\u00e4ufige Fehler vermieden werden k\u00f6nnen. Es stellt die am h\u00e4ufigsten verwendeten Methoden zur Analyse komplexer Netzwerke vor, darunter globale Netzwerkma\u00dfe, verschiedene Modelle zuf\u00e4lliger Graphen, Zentralit\u00e4tsindizes und Netzwerk-Motive. Neben der Einf\u00fchrung in diese Methoden liegt der Schwerpunkt auf der Kompetenz in Netzwerkanalyse (network analysis literacy) \u2013 also der F\u00e4higkeit, zu entscheiden, welche Methode f\u00fcr welche Fragestellung am besten geeignet ist. Dar\u00fcber hinaus soll das Buch die Leser dabei unterst\u00fctzen, wissenschaftliche Originaltexte zur Netzwerkanalyse besser zu verstehen, indem es ein Glossar bereitstellt und mathematische Notationen sowie formale Symbole ausf\u00fchrlich in Alltagssprache \u00fcbersetzt. Verschiedene Aspekte der Netzwerkanalyse \u2013 das Verst\u00e4ndnis formaler Definitionen, Programmieraufgaben oder die Analyse und Interpretation struktureller Ma\u00dfe \u2013 werden in \u00dcbungen mit L\u00f6sungsvorschl\u00e4gen vertieft. Dieses Buch ist eine exzellente, wenn nicht sogar die beste Einf\u00fchrung f\u00fcr Wissenschaftler, die das Potenzial der Netzwerkanalyse f\u00fcr ihr Fachgebiet nutzen m\u00f6chten.<br><br>DOI: <a href=\"https:\/\/doi.org\/10.1007\/978-3-7091-0741-6\">https:\/\/doi.org\/10.1007\/978-3-7091-0741-6<\/a><\/p>\n","protected":false},"excerpt":{"rendered":"<p>Katharina A. Zweig &#8211; 2016Dieses Buch betrachtet die Netzwerkanalyse als ein Werkzeug, um bedeutende Strukturen in den Interaktionsmustern zwischen verschiedenen Arten von Entit\u00e4ten zu identifizieren und zu quantifizieren. Dar\u00fcber hinaus erm\u00f6glicht die Netzwerkanalyse, diese Strukturen mit den Eigenschaften der beteiligten Entit\u00e4ten in Beziehung zu setzen. Sie hat sich als \u00e4u\u00dferst n\u00fctzlich f\u00fcr die Analyse biologischer [&hellip;]<\/p>\n","protected":false},"author":1,"featured_media":0,"parent":0,"menu_order":0,"comment_status":"closed","ping_status":"closed","template":"","meta":{"footnotes":""},"class_list":["post-354","page","type-page","status-publish","hentry"],"_links":{"self":[{"href":"https:\/\/philosophie-und-ki.cs.rptu.de\/index.php\/wp-json\/wp\/v2\/pages\/354","targetHints":{"allow":["GET"]}}],"collection":[{"href":"https:\/\/philosophie-und-ki.cs.rptu.de\/index.php\/wp-json\/wp\/v2\/pages"}],"about":[{"href":"https:\/\/philosophie-und-ki.cs.rptu.de\/index.php\/wp-json\/wp\/v2\/types\/page"}],"author":[{"embeddable":true,"href":"https:\/\/philosophie-und-ki.cs.rptu.de\/index.php\/wp-json\/wp\/v2\/users\/1"}],"replies":[{"embeddable":true,"href":"https:\/\/philosophie-und-ki.cs.rptu.de\/index.php\/wp-json\/wp\/v2\/comments?post=354"}],"version-history":[{"count":2,"href":"https:\/\/philosophie-und-ki.cs.rptu.de\/index.php\/wp-json\/wp\/v2\/pages\/354\/revisions"}],"predecessor-version":[{"id":360,"href":"https:\/\/philosophie-und-ki.cs.rptu.de\/index.php\/wp-json\/wp\/v2\/pages\/354\/revisions\/360"}],"wp:attachment":[{"href":"https:\/\/philosophie-und-ki.cs.rptu.de\/index.php\/wp-json\/wp\/v2\/media?parent=354"}],"curies":[{"name":"wp","href":"https:\/\/api.w.org\/{rel}","templated":true}]}}