{"id":362,"date":"2025-03-30T12:04:07","date_gmt":"2025-03-30T12:04:07","guid":{"rendered":"https:\/\/philosophy-and-ai.cs.rptu.de\/?page_id=362"},"modified":"2025-03-30T12:04:07","modified_gmt":"2025-03-30T12:04:07","slug":"climbing-towards-nlu-on-meaning-form-and-unterstanding-in-the-age-of-data","status":"publish","type":"page","link":"https:\/\/philosophie-und-ki.cs.rptu.de\/index.php\/climbing-towards-nlu-on-meaning-form-and-unterstanding-in-the-age-of-data\/","title":{"rendered":"&#8222;Climbing towards NLU: On Meaning, Form, and Unterstanding in the Age of Data&#8220;"},"content":{"rendered":"\n<p><strong>Emily M. Bender und Alexander Koller &#8211; 2020<\/strong><br>Der Erfolg gro\u00dfer neuronaler Sprachmodelle bei vielen NLP-Aufgaben ist faszinierend. Allerdings stellen wir fest, dass dieser Erfolg manchmal zu \u00fcberzogener Begeisterung f\u00fchrt, in der behauptet wird, diese Modelle w\u00fcrden Sprache \u201everstehen\u201c oder \u201eBedeutung\u201c erfassen. In diesem Positionspapier argumentieren wir, dass ein System, das ausschlie\u00dflich auf Form trainiert wird, a priori keine M\u00f6glichkeit hat, Bedeutung zu erlernen. Im Sinne des Themas der ACL 2020, \u201eBilanz ziehen: Wo wir waren und wohin wir gehen\u201c, pl\u00e4dieren wir daf\u00fcr, dass ein klares Verst\u00e4ndnis der Unterscheidung zwischen Form und Bedeutung dazu beitragen wird, die Forschung im Bereich des nat\u00fcrlichen Sprachverst\u00e4ndnisses auf eine wissenschaftlich fundiertere Grundlage zu stellen.<br>(Eigene \u00dcbersetzung des Abstracts von <a href=\"https:\/\/aclanthology.org\/2020.acl-main.463\/\">ACL Anthology<\/a>)<br><br>DOI: <a href=\"https:\/\/doi.org\/10.18653\/v1\/2020.acl-main.463\">https:\/\/doi.org\/10.18653\/v1\/2020.acl-main.463<\/a><\/p>\n","protected":false},"excerpt":{"rendered":"<p>Emily M. Bender und Alexander Koller &#8211; 2020Der Erfolg gro\u00dfer neuronaler Sprachmodelle bei vielen NLP-Aufgaben ist faszinierend. Allerdings stellen wir fest, dass dieser Erfolg manchmal zu \u00fcberzogener Begeisterung f\u00fchrt, in der behauptet wird, diese Modelle w\u00fcrden Sprache \u201everstehen\u201c oder \u201eBedeutung\u201c erfassen. In diesem Positionspapier argumentieren wir, dass ein System, das ausschlie\u00dflich auf Form trainiert wird, [&hellip;]<\/p>\n","protected":false},"author":1,"featured_media":0,"parent":0,"menu_order":0,"comment_status":"closed","ping_status":"closed","template":"","meta":{"footnotes":""},"class_list":["post-362","page","type-page","status-publish","hentry"],"_links":{"self":[{"href":"https:\/\/philosophie-und-ki.cs.rptu.de\/index.php\/wp-json\/wp\/v2\/pages\/362","targetHints":{"allow":["GET"]}}],"collection":[{"href":"https:\/\/philosophie-und-ki.cs.rptu.de\/index.php\/wp-json\/wp\/v2\/pages"}],"about":[{"href":"https:\/\/philosophie-und-ki.cs.rptu.de\/index.php\/wp-json\/wp\/v2\/types\/page"}],"author":[{"embeddable":true,"href":"https:\/\/philosophie-und-ki.cs.rptu.de\/index.php\/wp-json\/wp\/v2\/users\/1"}],"replies":[{"embeddable":true,"href":"https:\/\/philosophie-und-ki.cs.rptu.de\/index.php\/wp-json\/wp\/v2\/comments?post=362"}],"version-history":[{"count":1,"href":"https:\/\/philosophie-und-ki.cs.rptu.de\/index.php\/wp-json\/wp\/v2\/pages\/362\/revisions"}],"predecessor-version":[{"id":364,"href":"https:\/\/philosophie-und-ki.cs.rptu.de\/index.php\/wp-json\/wp\/v2\/pages\/362\/revisions\/364"}],"wp:attachment":[{"href":"https:\/\/philosophie-und-ki.cs.rptu.de\/index.php\/wp-json\/wp\/v2\/media?parent=362"}],"curies":[{"name":"wp","href":"https:\/\/api.w.org\/{rel}","templated":true}]}}