{"id":379,"date":"2025-03-30T14:13:56","date_gmt":"2025-03-30T14:13:56","guid":{"rendered":"https:\/\/philosophy-and-ai.cs.rptu.de\/?page_id=379"},"modified":"2025-07-09T13:58:15","modified_gmt":"2025-07-09T13:58:15","slug":"sose-22-master-reading-course","status":"publish","type":"page","link":"https:\/\/philosophie-und-ki.cs.rptu.de\/index.php\/sose-22-master-reading-course\/","title":{"rendered":"SoSe 2022,\nMaster Reading Course \n&#8222;How to do things with words&#8220; von John L. Austin"},"content":{"rendered":"\n<p><strong>Seminarleitung:<\/strong> Prof. Dr. Katharina Zweig<\/p>\n\n\n\n<p><strong>Thema:<\/strong> In diesem Semester ging es konkret um die sogenannte Sprechakttheorie des Sprachphilosophen Austin und was wir daraus f\u00fcr die Informatik lernen k\u00f6nnen. Daher wurde gemeinsam <a href=\"https:\/\/philosophy-and-ai.cs.rptu.de\/index.php\/how-to-do-things-with-words\/\" data-type=\"page\" data-id=\"572\">&#8222;How to do things with words&#8220;<\/a> von John L. Austin gelesen. Austin war aufgefallen, dass nicht alle \u00c4u\u00dferungen von Menschen sinnvoll auf ihren Wahrheitsgehalt gepr\u00fcft werden k\u00f6nnen. Wenn jemand beispielsweise sagt: &#8222;Hiermit taufe ich Dich auf den Namen \u2026&#8220;, dann ist das eher eine Handlung, die durch ihren Vollzug die Welt ver\u00e4ndert: Das getaufte Baby wird mit diesem Ritual in die Kirche aufgenommen. Nat\u00fcrlich kann die \u00c4u\u00dferung inkorrekt sein, z.B. wenn die Person, die sie \u00e4u\u00dfert, kein:e Priester:in oder Pfarrer:in ist. Austin beschreibt, woran man solche \u00c4u\u00dferungen erkennen kann, die eigentlich Handlungen sind, und unter welchen Bedingungen sie gelingen oder nicht gelingen. Seine Theorie wurde gemeinsam im Lichte von KI-Systemen diskutieren, die menschliches Verhalten vorhersagen oder bewerten sollen.<\/p>\n\n\n\n<p><strong>Terminplan mit Literatur:<\/strong><\/p>\n\n\n\n<figure class=\"wp-block-table is-style-stripes\"><table class=\"has-fixed-layout\"><tbody><tr><td>29.04.2022<\/td><td>Einf\u00fchrung<\/td><\/tr><tr><td>06.05.2022<\/td><td>Vorlesungen I + II<\/td><\/tr><tr><td>13.05.2022<\/td><td>Vorlesung III<\/td><\/tr><tr><td>20.05.2022<\/td><td>Vorlesung IV<\/td><\/tr><tr><td>27.5.2022<\/td><td>Vorlesung V (Austin) und <br><a href=\"https:\/\/philosophy-and-ai.cs.rptu.de\/index.php\/social-processes-and-proofs-of-theorems-and-programs\/\" data-type=\"page\" data-id=\"381\">Social Processes and Proofs of Theorems and Programs<\/a> (De Millo Lipton &amp; Perlis)<\/td><\/tr><tr><td>03.06.2022<\/td><td>Vorlesung VI<\/td><\/tr><tr><td>10.06.2022<\/td><td>Vorlesungen VII + VIII<\/td><\/tr><tr><td>17.06.2022<\/td><td>Vorlesung IX<\/td><\/tr><tr><td>24.06.2022<\/td><td>Vorlesungen X + XI<\/td><\/tr><tr><td>06.07.2022<\/td><td>Ausflug nach Landau<\/td><\/tr><tr><td>08.07.2022<\/td><td>Vorlesung XII<\/td><\/tr><tr><td>15.07.2022<\/td><td>Diskussion<\/td><\/tr><\/tbody><\/table><\/figure>\n","protected":false},"excerpt":{"rendered":"<p>Seminarleitung: Prof. Dr. Katharina Zweig Thema: In diesem Semester ging es konkret um die sogenannte Sprechakttheorie des Sprachphilosophen Austin und was wir daraus f\u00fcr die Informatik lernen k\u00f6nnen. Daher wurde gemeinsam &#8222;How to do things with words&#8220; von John L. Austin gelesen. Austin war aufgefallen, dass nicht alle \u00c4u\u00dferungen von Menschen sinnvoll auf ihren Wahrheitsgehalt [&hellip;]<\/p>\n","protected":false},"author":1,"featured_media":0,"parent":0,"menu_order":0,"comment_status":"closed","ping_status":"closed","template":"","meta":{"footnotes":""},"class_list":["post-379","page","type-page","status-publish","hentry"],"_links":{"self":[{"href":"https:\/\/philosophie-und-ki.cs.rptu.de\/index.php\/wp-json\/wp\/v2\/pages\/379","targetHints":{"allow":["GET"]}}],"collection":[{"href":"https:\/\/philosophie-und-ki.cs.rptu.de\/index.php\/wp-json\/wp\/v2\/pages"}],"about":[{"href":"https:\/\/philosophie-und-ki.cs.rptu.de\/index.php\/wp-json\/wp\/v2\/types\/page"}],"author":[{"embeddable":true,"href":"https:\/\/philosophie-und-ki.cs.rptu.de\/index.php\/wp-json\/wp\/v2\/users\/1"}],"replies":[{"embeddable":true,"href":"https:\/\/philosophie-und-ki.cs.rptu.de\/index.php\/wp-json\/wp\/v2\/comments?post=379"}],"version-history":[{"count":15,"href":"https:\/\/philosophie-und-ki.cs.rptu.de\/index.php\/wp-json\/wp\/v2\/pages\/379\/revisions"}],"predecessor-version":[{"id":636,"href":"https:\/\/philosophie-und-ki.cs.rptu.de\/index.php\/wp-json\/wp\/v2\/pages\/379\/revisions\/636"}],"wp:attachment":[{"href":"https:\/\/philosophie-und-ki.cs.rptu.de\/index.php\/wp-json\/wp\/v2\/media?parent=379"}],"curies":[{"name":"wp","href":"https:\/\/api.w.org\/{rel}","templated":true}]}}