{"id":400,"date":"2025-03-31T09:10:27","date_gmt":"2025-03-31T09:10:27","guid":{"rendered":"https:\/\/philosophy-and-ai.cs.rptu.de\/?page_id=400"},"modified":"2025-03-31T09:10:27","modified_gmt":"2025-03-31T09:10:27","slug":"erklaren-und-verstehen","status":"publish","type":"page","link":"https:\/\/philosophie-und-ki.cs.rptu.de\/index.php\/erklaren-und-verstehen\/","title":{"rendered":"Erkl\u00e4ren und Verstehen"},"content":{"rendered":"\n<div class=\"wp-block-media-text is-stacked-on-mobile\"><figure class=\"wp-block-media-text__media\"><img loading=\"lazy\" decoding=\"async\" width=\"663\" height=\"1024\" src=\"https:\/\/philosophy-and-ai.cs.rptu.de\/wp-content\/uploads\/2025\/03\/Wright-663x1024.jpg\" alt=\"\" class=\"wp-image-401 size-full\" srcset=\"https:\/\/philosophie-und-ki.cs.rptu.de\/wp-content\/uploads\/2025\/03\/Wright-663x1024.jpg 663w, https:\/\/philosophie-und-ki.cs.rptu.de\/wp-content\/uploads\/2025\/03\/Wright-194x300.jpg 194w, https:\/\/philosophie-und-ki.cs.rptu.de\/wp-content\/uploads\/2025\/03\/Wright-768x1187.jpg 768w, https:\/\/philosophie-und-ki.cs.rptu.de\/wp-content\/uploads\/2025\/03\/Wright.jpg 880w\" sizes=\"auto, (max-width: 663px) 100vw, 663px\" \/><\/figure><div class=\"wp-block-media-text__content\">\n<p><strong>Georg H. von Wright &#8211; 1971<\/strong><br>(engl. <em>Explanation and Understanding<\/em>)<br>Dieses Werk unterscheidet zwischen zwei Haupttraditionen in der Wissenschaftsphilosophie: der aristotelischen, die Erkl\u00e4rung anhand von Zweck und Intentionalit\u00e4t betont, und der galileischen, die kausale Erkl\u00e4rung als prim\u00e4r ansieht. Anschlie\u00dfend wird die komplexe Geschichte dieser konkurrierenden Traditionen nachgezeichnet, wie sie sich in Str\u00f6mungen wie dem Positivismus, Idealismus, Marxismus und der <\/p>\n<\/div><\/div>\n\n\n\n<p>zeitgen\u00f6ssischen linguistischen Analyse manifestieren. Die Theorie der wissenschaftlichen Erkl\u00e4rung von Hempel, die Anspr\u00fcche der Kybernetik, der Aufstieg einer analytischen Handlungstheorie und die Wiederbelebung der Hermeneutik werden ebenfalls behandelt. Zudem besch\u00e4ftigt sich das Buch mit kausaler Erkl\u00e4rung, Intentionalit\u00e4t, teleologischer Erkl\u00e4rung sowie Erkl\u00e4rungsans\u00e4tzen in der Geschichtswissenschaft und den Sozialwissenschaften. Der Autor kommt zu dem Schluss, dass die Erkl\u00e4rung menschlicher Handlungen nicht auf einfache Kausalit\u00e4t reduziert werden kann, und diskutiert die Konsequenzen dieser Erkenntnis f\u00fcr die Disziplinen der Geschichtswissenschaft und Soziologie.<br><br><strong>Gelesen wurde: <\/strong>1. Kapitel <br><br>ISBN: 9780415470216<\/p>\n","protected":false},"excerpt":{"rendered":"<p>Georg H. von Wright &#8211; 1971(engl. Explanation and Understanding)Dieses Werk unterscheidet zwischen zwei Haupttraditionen in der Wissenschaftsphilosophie: der aristotelischen, die Erkl\u00e4rung anhand von Zweck und Intentionalit\u00e4t betont, und der galileischen, die kausale Erkl\u00e4rung als prim\u00e4r ansieht. Anschlie\u00dfend wird die komplexe Geschichte dieser konkurrierenden Traditionen nachgezeichnet, wie sie sich in Str\u00f6mungen wie dem Positivismus, Idealismus, Marxismus [&hellip;]<\/p>\n","protected":false},"author":1,"featured_media":0,"parent":0,"menu_order":0,"comment_status":"closed","ping_status":"closed","template":"","meta":{"footnotes":""},"class_list":["post-400","page","type-page","status-publish","hentry"],"_links":{"self":[{"href":"https:\/\/philosophie-und-ki.cs.rptu.de\/index.php\/wp-json\/wp\/v2\/pages\/400","targetHints":{"allow":["GET"]}}],"collection":[{"href":"https:\/\/philosophie-und-ki.cs.rptu.de\/index.php\/wp-json\/wp\/v2\/pages"}],"about":[{"href":"https:\/\/philosophie-und-ki.cs.rptu.de\/index.php\/wp-json\/wp\/v2\/types\/page"}],"author":[{"embeddable":true,"href":"https:\/\/philosophie-und-ki.cs.rptu.de\/index.php\/wp-json\/wp\/v2\/users\/1"}],"replies":[{"embeddable":true,"href":"https:\/\/philosophie-und-ki.cs.rptu.de\/index.php\/wp-json\/wp\/v2\/comments?post=400"}],"version-history":[{"count":1,"href":"https:\/\/philosophie-und-ki.cs.rptu.de\/index.php\/wp-json\/wp\/v2\/pages\/400\/revisions"}],"predecessor-version":[{"id":402,"href":"https:\/\/philosophie-und-ki.cs.rptu.de\/index.php\/wp-json\/wp\/v2\/pages\/400\/revisions\/402"}],"wp:attachment":[{"href":"https:\/\/philosophie-und-ki.cs.rptu.de\/index.php\/wp-json\/wp\/v2\/media?parent=400"}],"curies":[{"name":"wp","href":"https:\/\/api.w.org\/{rel}","templated":true}]}}