{"id":407,"date":"2025-03-31T09:38:58","date_gmt":"2025-03-31T09:38:58","guid":{"rendered":"https:\/\/philosophy-and-ai.cs.rptu.de\/?page_id=407"},"modified":"2025-03-31T09:48:33","modified_gmt":"2025-03-31T09:48:33","slug":"uber-die-wissenschaftliche-beobachtung-und-die-wahrnehmung-im-allgemeinen","status":"publish","type":"page","link":"https:\/\/philosophie-und-ki.cs.rptu.de\/index.php\/uber-die-wissenschaftliche-beobachtung-und-die-wahrnehmung-im-allgemeinen\/","title":{"rendered":"&#8222;Erfahrung und Tatsache&#8220;"},"content":{"rendered":"\n<div class=\"wp-block-media-text is-stacked-on-mobile\"><figure class=\"wp-block-media-text__media\"><img loading=\"lazy\" decoding=\"async\" width=\"625\" height=\"1024\" src=\"https:\/\/philosophy-and-ai.cs.rptu.de\/wp-content\/uploads\/2025\/03\/Fleck1-625x1024.jpg\" alt=\"\" class=\"wp-image-408 size-full\" srcset=\"https:\/\/philosophie-und-ki.cs.rptu.de\/wp-content\/uploads\/2025\/03\/Fleck1-625x1024.jpg 625w, https:\/\/philosophie-und-ki.cs.rptu.de\/wp-content\/uploads\/2025\/03\/Fleck1-183x300.jpg 183w, https:\/\/philosophie-und-ki.cs.rptu.de\/wp-content\/uploads\/2025\/03\/Fleck1-768x1259.jpg 768w, https:\/\/philosophie-und-ki.cs.rptu.de\/wp-content\/uploads\/2025\/03\/Fleck1-937x1536.jpg 937w, https:\/\/philosophie-und-ki.cs.rptu.de\/wp-content\/uploads\/2025\/03\/Fleck1-1250x2048.jpg 1250w, https:\/\/philosophie-und-ki.cs.rptu.de\/wp-content\/uploads\/2025\/03\/Fleck1.jpg 1318w\" sizes=\"auto, (max-width: 625px) 100vw, 625px\" \/><\/figure><div class=\"wp-block-media-text__content\">\n<p><strong>Ludwik Fleck &#8211; 1983<\/strong><br>Die in diesem Band gesammelten Aufs\u00e4tze zeigen, wie sich Flecks Ans\u00e4tze aus der Auseinandersetzung mit rivalisierenden Auffassungen \u00fcber die wissenschaftliche Erkenntnis entwickelt haben,<br>wobei seine unorthodoxe Auffassung \u00fcber den eigent\u00fcmlichen Charakter der medizinischen Forschung das prim\u00e4re Paradigma von Wissenschaft blieb, an dem er seine Begrifflichkeit weiter entwickelte. Seine Schriften dokumentieren au\u00dferdem eine aufschlu\u00dfreiche Verbindung von wissenschaftlichem und philosophischem Denken, von <\/p>\n<\/div><\/div>\n\n\n\n<p> einzelwissenschaftlicher Analyse und allgemeiner Wissenschaftstheorie.<br><br><strong>Gelesen wurde<\/strong>: &#8222;\u00dcber die wissenschaftliche Beobachtung und die Wahrnehmung im allgemeinen&#8220; und &#8222;Das Problem einer Theorie des Erkennens&#8220;<br><br>ISBN: 978-3-518-28004-1<\/p>\n","protected":false},"excerpt":{"rendered":"<p>Ludwik Fleck &#8211; 1983Die in diesem Band gesammelten Aufs\u00e4tze zeigen, wie sich Flecks Ans\u00e4tze aus der Auseinandersetzung mit rivalisierenden Auffassungen \u00fcber die wissenschaftliche Erkenntnis entwickelt haben,wobei seine unorthodoxe Auffassung \u00fcber den eigent\u00fcmlichen Charakter der medizinischen Forschung das prim\u00e4re Paradigma von Wissenschaft blieb, an dem er seine Begrifflichkeit weiter entwickelte. Seine Schriften dokumentieren au\u00dferdem eine aufschlu\u00dfreiche [&hellip;]<\/p>\n","protected":false},"author":1,"featured_media":0,"parent":0,"menu_order":0,"comment_status":"closed","ping_status":"closed","template":"","meta":{"footnotes":""},"class_list":["post-407","page","type-page","status-publish","hentry"],"_links":{"self":[{"href":"https:\/\/philosophie-und-ki.cs.rptu.de\/index.php\/wp-json\/wp\/v2\/pages\/407","targetHints":{"allow":["GET"]}}],"collection":[{"href":"https:\/\/philosophie-und-ki.cs.rptu.de\/index.php\/wp-json\/wp\/v2\/pages"}],"about":[{"href":"https:\/\/philosophie-und-ki.cs.rptu.de\/index.php\/wp-json\/wp\/v2\/types\/page"}],"author":[{"embeddable":true,"href":"https:\/\/philosophie-und-ki.cs.rptu.de\/index.php\/wp-json\/wp\/v2\/users\/1"}],"replies":[{"embeddable":true,"href":"https:\/\/philosophie-und-ki.cs.rptu.de\/index.php\/wp-json\/wp\/v2\/comments?post=407"}],"version-history":[{"count":5,"href":"https:\/\/philosophie-und-ki.cs.rptu.de\/index.php\/wp-json\/wp\/v2\/pages\/407\/revisions"}],"predecessor-version":[{"id":414,"href":"https:\/\/philosophie-und-ki.cs.rptu.de\/index.php\/wp-json\/wp\/v2\/pages\/407\/revisions\/414"}],"wp:attachment":[{"href":"https:\/\/philosophie-und-ki.cs.rptu.de\/index.php\/wp-json\/wp\/v2\/media?parent=407"}],"curies":[{"name":"wp","href":"https:\/\/api.w.org\/{rel}","templated":true}]}}