{"id":415,"date":"2025-03-31T10:09:30","date_gmt":"2025-03-31T10:09:30","guid":{"rendered":"https:\/\/philosophy-and-ai.cs.rptu.de\/?page_id=415"},"modified":"2025-03-31T10:09:30","modified_gmt":"2025-03-31T10:09:30","slug":"fact-fiction-and-forecast","status":"publish","type":"page","link":"https:\/\/philosophie-und-ki.cs.rptu.de\/index.php\/fact-fiction-and-forecast\/","title":{"rendered":"&#8222;Fact Fiction and Forecast&#8220;"},"content":{"rendered":"\n<div class=\"wp-block-media-text is-stacked-on-mobile\"><figure class=\"wp-block-media-text__media\"><img loading=\"lazy\" decoding=\"async\" width=\"682\" height=\"1024\" src=\"https:\/\/philosophy-and-ai.cs.rptu.de\/wp-content\/uploads\/2025\/03\/Goodman-2-682x1024.jpg\" alt=\"\" class=\"wp-image-416 size-full\" srcset=\"https:\/\/philosophie-und-ki.cs.rptu.de\/wp-content\/uploads\/2025\/03\/Goodman-2-682x1024.jpg 682w, https:\/\/philosophie-und-ki.cs.rptu.de\/wp-content\/uploads\/2025\/03\/Goodman-2-200x300.jpg 200w, https:\/\/philosophie-und-ki.cs.rptu.de\/wp-content\/uploads\/2025\/03\/Goodman-2-768x1153.jpg 768w, https:\/\/philosophie-und-ki.cs.rptu.de\/wp-content\/uploads\/2025\/03\/Goodman-2.jpg 999w\" sizes=\"auto, (max-width: 682px) 100vw, 682px\" \/><\/figure><div class=\"wp-block-media-text__content\">\n<p><strong>Nelson Goodman &#8211; 1983<\/strong><br>Wie kommt es, dass wir in manchen F\u00e4llen sicher sind, aus Erfahrung zu verallgemeinern, in anderen jedoch nicht? Wie lassen sich gerechtfertigte Verallgemeinerungen von ungerechtfertigten unterscheiden? Goodman zeigt, dass diese Fragen keiner formalen L\u00f6sung zug\u00e4nglich sind. Seine Argumentation wurde von Nativisten wie Chomsky und Fodor als Beweis daf\u00fcr betrachtet, dass weder wissenschaftliche Induktion noch gew\u00f6hnliches Lernen ohne eine <em>a priori<\/em> gegebene, angeborene Ordnung von Hypothesen m\u00f6glich ist.<\/p>\n<\/div><\/div>\n\n\n\n<p>ISBN: 0674290712<\/p>\n","protected":false},"excerpt":{"rendered":"<p>Nelson Goodman &#8211; 1983Wie kommt es, dass wir in manchen F\u00e4llen sicher sind, aus Erfahrung zu verallgemeinern, in anderen jedoch nicht? Wie lassen sich gerechtfertigte Verallgemeinerungen von ungerechtfertigten unterscheiden? Goodman zeigt, dass diese Fragen keiner formalen L\u00f6sung zug\u00e4nglich sind. Seine Argumentation wurde von Nativisten wie Chomsky und Fodor als Beweis daf\u00fcr betrachtet, dass weder wissenschaftliche [&hellip;]<\/p>\n","protected":false},"author":1,"featured_media":0,"parent":0,"menu_order":0,"comment_status":"closed","ping_status":"closed","template":"","meta":{"footnotes":""},"class_list":["post-415","page","type-page","status-publish","hentry"],"_links":{"self":[{"href":"https:\/\/philosophie-und-ki.cs.rptu.de\/index.php\/wp-json\/wp\/v2\/pages\/415","targetHints":{"allow":["GET"]}}],"collection":[{"href":"https:\/\/philosophie-und-ki.cs.rptu.de\/index.php\/wp-json\/wp\/v2\/pages"}],"about":[{"href":"https:\/\/philosophie-und-ki.cs.rptu.de\/index.php\/wp-json\/wp\/v2\/types\/page"}],"author":[{"embeddable":true,"href":"https:\/\/philosophie-und-ki.cs.rptu.de\/index.php\/wp-json\/wp\/v2\/users\/1"}],"replies":[{"embeddable":true,"href":"https:\/\/philosophie-und-ki.cs.rptu.de\/index.php\/wp-json\/wp\/v2\/comments?post=415"}],"version-history":[{"count":1,"href":"https:\/\/philosophie-und-ki.cs.rptu.de\/index.php\/wp-json\/wp\/v2\/pages\/415\/revisions"}],"predecessor-version":[{"id":417,"href":"https:\/\/philosophie-und-ki.cs.rptu.de\/index.php\/wp-json\/wp\/v2\/pages\/415\/revisions\/417"}],"wp:attachment":[{"href":"https:\/\/philosophie-und-ki.cs.rptu.de\/index.php\/wp-json\/wp\/v2\/media?parent=415"}],"curies":[{"name":"wp","href":"https:\/\/api.w.org\/{rel}","templated":true}]}}