{"id":419,"date":"2025-03-31T10:31:51","date_gmt":"2025-03-31T10:31:51","guid":{"rendered":"https:\/\/philosophy-and-ai.cs.rptu.de\/?page_id=419"},"modified":"2025-07-09T14:05:06","modified_gmt":"2025-07-09T14:05:06","slug":"reconceptions-in-philosophy-other-arts-sciences","status":"publish","type":"page","link":"https:\/\/philosophie-und-ki.cs.rptu.de\/index.php\/reconceptions-in-philosophy-other-arts-sciences\/","title":{"rendered":"&#8222;Reconceptions in Philosophy &#038; Other Arts &#038; Sciences&#8220;"},"content":{"rendered":"\n<div class=\"wp-block-media-text is-stacked-on-mobile\"><figure class=\"wp-block-media-text__media\"><img loading=\"lazy\" decoding=\"async\" width=\"640\" height=\"1024\" src=\"https:\/\/philosophy-and-ai.cs.rptu.de\/wp-content\/uploads\/2025\/03\/Goddman_Elgin-640x1024.jpg\" alt=\"\" class=\"wp-image-420 size-full\" srcset=\"https:\/\/philosophie-und-ki.cs.rptu.de\/wp-content\/uploads\/2025\/03\/Goddman_Elgin-640x1024.jpg 640w, https:\/\/philosophie-und-ki.cs.rptu.de\/wp-content\/uploads\/2025\/03\/Goddman_Elgin-188x300.jpg 188w, https:\/\/philosophie-und-ki.cs.rptu.de\/wp-content\/uploads\/2025\/03\/Goddman_Elgin-768x1228.jpg 768w, https:\/\/philosophie-und-ki.cs.rptu.de\/wp-content\/uploads\/2025\/03\/Goddman_Elgin.jpg 938w\" sizes=\"auto, (max-width: 640px) 100vw, 640px\" \/><\/figure><div class=\"wp-block-media-text__content\">\n<p><strong>Nelson Goodman and Catherine Z. Elgin &#8211; 1988<\/strong><br><em>Reconceptions<\/em> f\u00fchrt die Entwicklung weiter mit brillanten neuen Untersuchungen zu Repr\u00e4sentation, Interpretation, Variation und weiteren Themen in der Theorie der Architektur, Malerei, Musik und Psychologie entscheidend weiter. Diese Studien zeigen nicht nur, wie der allgemeine theoretische Ansatz verschiedene Disziplinen miteinander verkn\u00fcpfen und erhellen kann, sondern dienen auch als Pr\u00fcfsteine f\u00fcr die Theorie selbst \u2013 mitunter erfordern sie sogar deren Weiterentwicklung, etwa durch die Einf\u00fchrung eines neuen Konzepts der \u201ekontrastiven Exemplifikation\u201c.<\/p>\n<\/div><\/div>\n\n\n\n<p><strong>Gelesen wurde:<\/strong> Kapitel VII &#8222;Confronting Novelty&#8220;<br><br>DOI: <a href=\"https:\/\/doi.org\/10.2307\/2026979\">https:\/\/doi.org\/10.2307\/2026979<\/a><\/p>\n","protected":false},"excerpt":{"rendered":"<p>Nelson Goodman and Catherine Z. Elgin &#8211; 1988Reconceptions f\u00fchrt die Entwicklung weiter mit brillanten neuen Untersuchungen zu Repr\u00e4sentation, Interpretation, Variation und weiteren Themen in der Theorie der Architektur, Malerei, Musik und Psychologie entscheidend weiter. Diese Studien zeigen nicht nur, wie der allgemeine theoretische Ansatz verschiedene Disziplinen miteinander verkn\u00fcpfen und erhellen kann, sondern dienen auch als [&hellip;]<\/p>\n","protected":false},"author":1,"featured_media":0,"parent":0,"menu_order":0,"comment_status":"closed","ping_status":"closed","template":"","meta":{"footnotes":""},"class_list":["post-419","page","type-page","status-publish","hentry"],"_links":{"self":[{"href":"https:\/\/philosophie-und-ki.cs.rptu.de\/index.php\/wp-json\/wp\/v2\/pages\/419","targetHints":{"allow":["GET"]}}],"collection":[{"href":"https:\/\/philosophie-und-ki.cs.rptu.de\/index.php\/wp-json\/wp\/v2\/pages"}],"about":[{"href":"https:\/\/philosophie-und-ki.cs.rptu.de\/index.php\/wp-json\/wp\/v2\/types\/page"}],"author":[{"embeddable":true,"href":"https:\/\/philosophie-und-ki.cs.rptu.de\/index.php\/wp-json\/wp\/v2\/users\/1"}],"replies":[{"embeddable":true,"href":"https:\/\/philosophie-und-ki.cs.rptu.de\/index.php\/wp-json\/wp\/v2\/comments?post=419"}],"version-history":[{"count":2,"href":"https:\/\/philosophie-und-ki.cs.rptu.de\/index.php\/wp-json\/wp\/v2\/pages\/419\/revisions"}],"predecessor-version":[{"id":638,"href":"https:\/\/philosophie-und-ki.cs.rptu.de\/index.php\/wp-json\/wp\/v2\/pages\/419\/revisions\/638"}],"wp:attachment":[{"href":"https:\/\/philosophie-und-ki.cs.rptu.de\/index.php\/wp-json\/wp\/v2\/media?parent=419"}],"curies":[{"name":"wp","href":"https:\/\/api.w.org\/{rel}","templated":true}]}}