{"id":423,"date":"2025-03-31T10:47:06","date_gmt":"2025-03-31T10:47:06","guid":{"rendered":"https:\/\/philosophy-and-ai.cs.rptu.de\/?page_id=423"},"modified":"2025-03-31T11:06:48","modified_gmt":"2025-03-31T11:06:48","slug":"kleine-philosophie-der-naturwissenschaften","status":"publish","type":"page","link":"https:\/\/philosophie-und-ki.cs.rptu.de\/index.php\/kleine-philosophie-der-naturwissenschaften\/","title":{"rendered":"&#8222;Kleine Philosophie der Naturwissenschaften&#8220;"},"content":{"rendered":"\n<div class=\"wp-block-media-text is-stacked-on-mobile\"><figure class=\"wp-block-media-text__media\"><img loading=\"lazy\" decoding=\"async\" width=\"310\" height=\"475\" src=\"https:\/\/philosophy-and-ai.cs.rptu.de\/wp-content\/uploads\/2025\/03\/janich-1.jpg\" alt=\"\" class=\"wp-image-424 size-full\" srcset=\"https:\/\/philosophie-und-ki.cs.rptu.de\/wp-content\/uploads\/2025\/03\/janich-1.jpg 310w, https:\/\/philosophie-und-ki.cs.rptu.de\/wp-content\/uploads\/2025\/03\/janich-1-196x300.jpg 196w\" sizes=\"auto, (max-width: 310px) 100vw, 310px\" \/><\/figure><div class=\"wp-block-media-text__content\">\n<p><strong>Peter Janich &#8211; 1997<\/strong><br>Das Urteil \u00fcber Leistungen und Folgen der Naturwissenschaften f\u00e4llt je nach dem Wissenschaftsverst\u00e4ndnis, das zugrunde gelegt wird, sehr unterschiedlich aus. Zur Erkl\u00e4rung bedarf es einer metawissenschaftlichen Sprache, die Peter Janich in ihren Grundunterscheidungen erl\u00e4utert. Doch \u00fcber der wissenschaftstheoretischen Kenntnis, \u00fcber der metawisschenschaftlichen Kompotenz beh\u00e4lt Janich immer im Blick, dass alle Wissenschaft der Lebenspraxis und der Kulturgeschichte entstammt und in ihnen angesiedelt ist.<\/p>\n<\/div><\/div>\n\n\n\n<p><strong>Gelesen wurde<\/strong>:  Teil I &#8222;Allgemeine Wissenschaftstheorie&#8220;<\/p>\n","protected":false},"excerpt":{"rendered":"<p>Peter Janich &#8211; 1997Das Urteil \u00fcber Leistungen und Folgen der Naturwissenschaften f\u00e4llt je nach dem Wissenschaftsverst\u00e4ndnis, das zugrunde gelegt wird, sehr unterschiedlich aus. Zur Erkl\u00e4rung bedarf es einer metawissenschaftlichen Sprache, die Peter Janich in ihren Grundunterscheidungen erl\u00e4utert. Doch \u00fcber der wissenschaftstheoretischen Kenntnis, \u00fcber der metawisschenschaftlichen Kompotenz beh\u00e4lt Janich immer im Blick, dass alle Wissenschaft der [&hellip;]<\/p>\n","protected":false},"author":1,"featured_media":0,"parent":0,"menu_order":0,"comment_status":"closed","ping_status":"closed","template":"","meta":{"footnotes":""},"class_list":["post-423","page","type-page","status-publish","hentry"],"_links":{"self":[{"href":"https:\/\/philosophie-und-ki.cs.rptu.de\/index.php\/wp-json\/wp\/v2\/pages\/423","targetHints":{"allow":["GET"]}}],"collection":[{"href":"https:\/\/philosophie-und-ki.cs.rptu.de\/index.php\/wp-json\/wp\/v2\/pages"}],"about":[{"href":"https:\/\/philosophie-und-ki.cs.rptu.de\/index.php\/wp-json\/wp\/v2\/types\/page"}],"author":[{"embeddable":true,"href":"https:\/\/philosophie-und-ki.cs.rptu.de\/index.php\/wp-json\/wp\/v2\/users\/1"}],"replies":[{"embeddable":true,"href":"https:\/\/philosophie-und-ki.cs.rptu.de\/index.php\/wp-json\/wp\/v2\/comments?post=423"}],"version-history":[{"count":3,"href":"https:\/\/philosophie-und-ki.cs.rptu.de\/index.php\/wp-json\/wp\/v2\/pages\/423\/revisions"}],"predecessor-version":[{"id":435,"href":"https:\/\/philosophie-und-ki.cs.rptu.de\/index.php\/wp-json\/wp\/v2\/pages\/423\/revisions\/435"}],"wp:attachment":[{"href":"https:\/\/philosophie-und-ki.cs.rptu.de\/index.php\/wp-json\/wp\/v2\/media?parent=423"}],"curies":[{"name":"wp","href":"https:\/\/api.w.org\/{rel}","templated":true}]}}