{"id":436,"date":"2025-03-31T11:24:35","date_gmt":"2025-03-31T11:24:35","guid":{"rendered":"https:\/\/philosophy-and-ai.cs.rptu.de\/?page_id=436"},"modified":"2025-07-03T09:48:15","modified_gmt":"2025-07-03T09:48:15","slug":"sprachwissenschaft-ein-reader","status":"publish","type":"page","link":"https:\/\/philosophie-und-ki.cs.rptu.de\/index.php\/sprachwissenschaft-ein-reader\/","title":{"rendered":"&#8222;Sprachwissenschaft. Ein Reader&#8220;"},"content":{"rendered":"\n<div class=\"wp-block-media-text is-stacked-on-mobile\"><figure class=\"wp-block-media-text__media\"><img loading=\"lazy\" decoding=\"async\" width=\"692\" height=\"1024\" src=\"https:\/\/philosophy-and-ai.cs.rptu.de\/wp-content\/uploads\/2025\/03\/Austin-2-692x1024.jpg\" alt=\"\" class=\"wp-image-437 size-full\" srcset=\"https:\/\/philosophie-und-ki.cs.rptu.de\/wp-content\/uploads\/2025\/03\/Austin-2-692x1024.jpg 692w, https:\/\/philosophie-und-ki.cs.rptu.de\/wp-content\/uploads\/2025\/03\/Austin-2-203x300.jpg 203w, https:\/\/philosophie-und-ki.cs.rptu.de\/wp-content\/uploads\/2025\/03\/Austin-2.jpg 700w\" sizes=\"auto, (max-width: 692px) 100vw, 692px\" \/><\/figure><div class=\"wp-block-media-text__content\">\n<p><br><strong>Ludger Hoffmann &#8211; 2010<br><\/strong>Der Band enth\u00e4lt klassische und hinf\u00fchrende Texte zu den Kernbereichen und wichtigsten Theorien der Sprachwissenschaft, u.a. von Humboldt, Frege, Paul, de Saussure, Bloomfield, B\u00fchler, Wittgenstein, Trubetzkoy, Chomsky, Austin, Grice, Tomasello und anderen. Das Buch gliedert sich in die Gegenstandsbereiche: Sprachtheorien; Sprache und Handlung; Diskurs und Konversation; Laute, T\u00f6ne,<\/p>\n<\/div><\/div>\n\n\n\n<p>Schriftzeichen; Wortform, Wortstruktur, Wortart; Satz, \u00c4u\u00dferung, Text; Bedeutung. Transkripte, Aufgaben und Beispiele aus verschiedenen Sprachen erm\u00f6glichen praktische \u00dcbungen.<br><br><strong>Gelesen wurde<\/strong>: <br>&#8222;Performative und konstatierende \u00c4u\u00dferung&#8220; von John L. Austin; <br>DOI: <a href=\"https:\/\/doi.org\/10.1515\/9783110226300.2.163\">https:\/\/doi.org\/10.1515\/9783110226300.2.163<\/a><\/p>\n","protected":false},"excerpt":{"rendered":"<p>Ludger Hoffmann &#8211; 2010Der Band enth\u00e4lt klassische und hinf\u00fchrende Texte zu den Kernbereichen und wichtigsten Theorien der Sprachwissenschaft, u.a. von Humboldt, Frege, Paul, de Saussure, Bloomfield, B\u00fchler, Wittgenstein, Trubetzkoy, Chomsky, Austin, Grice, Tomasello und anderen. Das Buch gliedert sich in die Gegenstandsbereiche: Sprachtheorien; Sprache und Handlung; Diskurs und Konversation; Laute, T\u00f6ne, Schriftzeichen; Wortform, Wortstruktur, Wortart; [&hellip;]<\/p>\n","protected":false},"author":1,"featured_media":0,"parent":0,"menu_order":0,"comment_status":"closed","ping_status":"closed","template":"","meta":{"footnotes":""},"class_list":["post-436","page","type-page","status-publish","hentry"],"_links":{"self":[{"href":"https:\/\/philosophie-und-ki.cs.rptu.de\/index.php\/wp-json\/wp\/v2\/pages\/436","targetHints":{"allow":["GET"]}}],"collection":[{"href":"https:\/\/philosophie-und-ki.cs.rptu.de\/index.php\/wp-json\/wp\/v2\/pages"}],"about":[{"href":"https:\/\/philosophie-und-ki.cs.rptu.de\/index.php\/wp-json\/wp\/v2\/types\/page"}],"author":[{"embeddable":true,"href":"https:\/\/philosophie-und-ki.cs.rptu.de\/index.php\/wp-json\/wp\/v2\/users\/1"}],"replies":[{"embeddable":true,"href":"https:\/\/philosophie-und-ki.cs.rptu.de\/index.php\/wp-json\/wp\/v2\/comments?post=436"}],"version-history":[{"count":2,"href":"https:\/\/philosophie-und-ki.cs.rptu.de\/index.php\/wp-json\/wp\/v2\/pages\/436\/revisions"}],"predecessor-version":[{"id":620,"href":"https:\/\/philosophie-und-ki.cs.rptu.de\/index.php\/wp-json\/wp\/v2\/pages\/436\/revisions\/620"}],"wp:attachment":[{"href":"https:\/\/philosophie-und-ki.cs.rptu.de\/index.php\/wp-json\/wp\/v2\/media?parent=436"}],"curies":[{"name":"wp","href":"https:\/\/api.w.org\/{rel}","templated":true}]}}