{"id":534,"date":"2025-04-28T12:14:47","date_gmt":"2025-04-28T12:14:47","guid":{"rendered":"https:\/\/philosophy-and-ai.cs.rptu.de\/?page_id=534"},"modified":"2025-04-28T12:14:47","modified_gmt":"2025-04-28T12:14:47","slug":"regeln","status":"publish","type":"page","link":"https:\/\/philosophie-und-ki.cs.rptu.de\/index.php\/regeln\/","title":{"rendered":"&#8222;Regeln&#8220;"},"content":{"rendered":"\n<div class=\"wp-block-media-text is-stacked-on-mobile\"><figure class=\"wp-block-media-text__media\"><img loading=\"lazy\" decoding=\"async\" width=\"378\" height=\"600\" src=\"https:\/\/philosophy-and-ai.cs.rptu.de\/wp-content\/uploads\/2025\/04\/regeln-lorraine-daston.jpeg\" alt=\"\" class=\"wp-image-535 size-full\" srcset=\"https:\/\/philosophie-und-ki.cs.rptu.de\/wp-content\/uploads\/2025\/04\/regeln-lorraine-daston.jpeg 378w, https:\/\/philosophie-und-ki.cs.rptu.de\/wp-content\/uploads\/2025\/04\/regeln-lorraine-daston-189x300.jpeg 189w\" sizes=\"auto, (max-width: 378px) 100vw, 378px\" \/><\/figure><div class=\"wp-block-media-text__content\">\n<p><strong>Lorraine Daston &#8211; 202<\/strong>3<br>Regeln ordnen fast jeden Aspekt unseres Lebens. Sie legen unsere Arbeitszeiten fest, bestimmen unser Verhalten im Stra\u00dfenverkehr und ob es angebracht ist, zur Begr\u00fc\u00dfung die Hand zu geben oder die Wange hinzuhalten. Regeln organisieren die Riten des <em>Lebens<\/em> von der Geburt bis zum Tod. Nicht alle Regeln, die wir haben, m\u00f6gen uns gefallen, und manche, die uns abgehen, sehnen wir herbei. Doch keine Kultur kann ohne sie auskommen.<br>In ihrem reich bebilderten Buch zeichnet die Historikerin Lorraine Daston nach, wie sich <\/p>\n<\/div><\/div>\n\n\n\n<p>Regeln in der westlichen Tradition seit der Antike entwickelt haben. Sie dokumentiert deren verwirrende Vielfalt anhand einer F\u00fclle von Beispielen \u2013 von juristischen Traktaten \u00fcber Milit\u00e4rhandb\u00fccher bis hin zu Kochrezepten \u2013, entdeckt aber auch, dass es nur wenige Grundarten gibt, die \u00fcber die Zeiten Bestand hatten: Algorithmen, Gesetze und Modelle. Und sie zeigt, wann Regeln funktionieren, wie sie sich ver\u00e4ndern k\u00f6nnen und warum einige philosophische Fragen zu Regeln so alt sind wie die Philosophie selbst, andere hingegen so modern wie Rechenmaschinen. Ein souver\u00e4n geschriebenes, fesselndes Buch \u00fcber die Zw\u00e4nge, die uns leiten \u2013 ob wir es wissen oder nicht.<\/p>\n\n\n\n<p>ISBN: 978-3-518-58804-8<\/p>\n","protected":false},"excerpt":{"rendered":"<p>Lorraine Daston &#8211; 2023Regeln ordnen fast jeden Aspekt unseres Lebens. Sie legen unsere Arbeitszeiten fest, bestimmen unser Verhalten im Stra\u00dfenverkehr und ob es angebracht ist, zur Begr\u00fc\u00dfung die Hand zu geben oder die Wange hinzuhalten. Regeln organisieren die Riten des Lebens von der Geburt bis zum Tod. Nicht alle Regeln, die wir haben, m\u00f6gen uns [&hellip;]<\/p>\n","protected":false},"author":1,"featured_media":0,"parent":0,"menu_order":0,"comment_status":"closed","ping_status":"closed","template":"","meta":{"footnotes":""},"class_list":["post-534","page","type-page","status-publish","hentry"],"_links":{"self":[{"href":"https:\/\/philosophie-und-ki.cs.rptu.de\/index.php\/wp-json\/wp\/v2\/pages\/534","targetHints":{"allow":["GET"]}}],"collection":[{"href":"https:\/\/philosophie-und-ki.cs.rptu.de\/index.php\/wp-json\/wp\/v2\/pages"}],"about":[{"href":"https:\/\/philosophie-und-ki.cs.rptu.de\/index.php\/wp-json\/wp\/v2\/types\/page"}],"author":[{"embeddable":true,"href":"https:\/\/philosophie-und-ki.cs.rptu.de\/index.php\/wp-json\/wp\/v2\/users\/1"}],"replies":[{"embeddable":true,"href":"https:\/\/philosophie-und-ki.cs.rptu.de\/index.php\/wp-json\/wp\/v2\/comments?post=534"}],"version-history":[{"count":1,"href":"https:\/\/philosophie-und-ki.cs.rptu.de\/index.php\/wp-json\/wp\/v2\/pages\/534\/revisions"}],"predecessor-version":[{"id":536,"href":"https:\/\/philosophie-und-ki.cs.rptu.de\/index.php\/wp-json\/wp\/v2\/pages\/534\/revisions\/536"}],"wp:attachment":[{"href":"https:\/\/philosophie-und-ki.cs.rptu.de\/index.php\/wp-json\/wp\/v2\/media?parent=534"}],"curies":[{"name":"wp","href":"https:\/\/api.w.org\/{rel}","templated":true}]}}