{"id":56,"date":"2025-03-24T11:57:19","date_gmt":"2025-03-24T11:57:19","guid":{"rendered":"https:\/\/philosophy-and-ai.cs.rptu.de\/?page_id=56"},"modified":"2025-07-03T09:31:05","modified_gmt":"2025-07-03T09:31:05","slug":"seminar3","status":"publish","type":"page","link":"https:\/\/philosophie-und-ki.cs.rptu.de\/index.php\/seminar3\/","title":{"rendered":"SoSe 2021,\nForschungskolloquium\n&#8222;Philosophie und KI&#8220;:\nErkenntnistheorie"},"content":{"rendered":"\n<p><strong>Seminarleitung: <\/strong>Prof. Dr. Ralf Becker, Dr. Johannes Lenhard,<br>Prof. Dr. Jan Schneider, Prof. Dr. Katharina Zweig<\/p>\n\n\n\n<p><strong>Inhalt: <\/strong>In dem Seminar trafen sich regelm\u00e4\u00dfig PIs und Doktorand:innen, um verschiedene Themen rund um Erkl\u00e4rbarkeit und Reasoning aus der Philosophie und der KI zu besprechen.<\/p>\n\n\n\n<p><strong>Terminplan mit Literatur<\/strong>:<\/p>\n\n\n\n<figure class=\"wp-block-table is-style-stripes\"><table class=\"has-fixed-layout\"><tbody><tr><td>30.04.2021<\/td><td>Vorbereitung<\/td><\/tr><tr><td>07.05.2021<\/td><td><a href=\"https:\/\/philosophy-and-ai.cs.rptu.de\/index.php\/erklaren-und-verstehen\/\" data-type=\"page\" data-id=\"400\">Erkl\u00e4ren und Verstehen<\/a> (Wright)<\/td><\/tr><tr><td>14.05.2021<\/td><td><a href=\"https:\/\/philosophy-and-ai.cs.rptu.de\/index.php\/uber-die-wissenschaftliche-beobachtung-und-die-wahrnehmung-im-allgemeinen\/\" data-type=\"page\" data-id=\"407\">\u00dcber die wissenschaftliche Beobachtung und die Wahrnehmung im allgemeinen<\/a> (Fleck)<\/td><\/tr><tr><td>21.05.2021<\/td><td><a href=\"https:\/\/philosophy-and-ai.cs.rptu.de\/index.php\/uber-die-wissenschaftliche-beobachtung-und-die-wahrnehmung-im-allgemeinen\/\" data-type=\"page\" data-id=\"407\">Das Problem einer Theorie des Erkennens<\/a> (Fleck)<\/td><\/tr><tr><td>28.05.2021<\/td><td>(Pfingsten)<\/td><\/tr><tr><td>04.06.2021<\/td><td><a href=\"https:\/\/philosophy-and-ai.cs.rptu.de\/index.php\/fact-fiction-and-forecast\/\" data-type=\"page\" data-id=\"415\">Fact, Fiction, Forecast<\/a> (Goodman)<\/td><\/tr><tr><td>11.06.2021<\/td><td>Vorhersage vs. Prognose<\/td><\/tr><tr><td>18.06.2021<\/td><td><a href=\"https:\/\/philosophy-and-ai.cs.rptu.de\/index.php\/reconceptions-in-philosophy-other-arts-sciences\/\" data-type=\"page\" data-id=\"419\">Confronting Novelty<\/a> (Elgin, Goodman)<\/td><\/tr><tr><td>25.06.2021<\/td><td><a href=\"https:\/\/philosophy-and-ai.cs.rptu.de\/index.php\/kleine-philosophie-der-naturwissenschaften\/\" data-type=\"page\" data-id=\"423\">Kleine Philosophie der Naturwissenschaften<\/a> (Janich)<\/td><\/tr><tr><td>02.07.2021<\/td><td><a href=\"https:\/\/philosophy-and-ai.cs.rptu.de\/index.php\/qualitatsunterschiede-kulturphanomenologie-als-kritische-theorie\/\" data-type=\"page\" data-id=\"429\">Qualit\u00e4tsunterschiede<\/a>, Einleitung (Becker)<\/td><\/tr><tr><td>09.07.2021<\/td><td><a href=\"https:\/\/philosophy-and-ai.cs.rptu.de\/index.php\/qualitatsunterschiede-kulturphanomenologie-als-kritische-theorie\/\" data-type=\"page\" data-id=\"429\">Qualit\u00e4tsunterschiede<\/a>, Kapitel 9 (Becker)<\/td><\/tr><tr><td>16.07.2021<\/td><td><a href=\"https:\/\/philosophy-and-ai.cs.rptu.de\/index.php\/sprachwissenschaft-ein-reader\/\" data-type=\"page\" data-id=\"436\">Sprechakttheorie<\/a> (Austin)<\/td><\/tr><tr><td>23.07.2021<\/td><td>E-Rater: Warum Vorhersage != Bewertung; A justification for justifications<\/td><\/tr><\/tbody><\/table><\/figure>\n","protected":false},"excerpt":{"rendered":"<p>Seminarleitung: Prof. Dr. Ralf Becker, Dr. Johannes Lenhard,Prof. Dr. Jan Schneider, Prof. Dr. Katharina Zweig Inhalt: In dem Seminar trafen sich regelm\u00e4\u00dfig PIs und Doktorand:innen, um verschiedene Themen rund um Erkl\u00e4rbarkeit und Reasoning aus der Philosophie und der KI zu besprechen. Terminplan mit Literatur: 30.04.2021 Vorbereitung 07.05.2021 Erkl\u00e4ren und Verstehen (Wright) 14.05.2021 \u00dcber die wissenschaftliche [&hellip;]<\/p>\n","protected":false},"author":1,"featured_media":0,"parent":0,"menu_order":0,"comment_status":"closed","ping_status":"closed","template":"","meta":{"footnotes":""},"class_list":["post-56","page","type-page","status-publish","hentry"],"_links":{"self":[{"href":"https:\/\/philosophie-und-ki.cs.rptu.de\/index.php\/wp-json\/wp\/v2\/pages\/56","targetHints":{"allow":["GET"]}}],"collection":[{"href":"https:\/\/philosophie-und-ki.cs.rptu.de\/index.php\/wp-json\/wp\/v2\/pages"}],"about":[{"href":"https:\/\/philosophie-und-ki.cs.rptu.de\/index.php\/wp-json\/wp\/v2\/types\/page"}],"author":[{"embeddable":true,"href":"https:\/\/philosophie-und-ki.cs.rptu.de\/index.php\/wp-json\/wp\/v2\/users\/1"}],"replies":[{"embeddable":true,"href":"https:\/\/philosophie-und-ki.cs.rptu.de\/index.php\/wp-json\/wp\/v2\/comments?post=56"}],"version-history":[{"count":22,"href":"https:\/\/philosophie-und-ki.cs.rptu.de\/index.php\/wp-json\/wp\/v2\/pages\/56\/revisions"}],"predecessor-version":[{"id":617,"href":"https:\/\/philosophie-und-ki.cs.rptu.de\/index.php\/wp-json\/wp\/v2\/pages\/56\/revisions\/617"}],"wp:attachment":[{"href":"https:\/\/philosophie-und-ki.cs.rptu.de\/index.php\/wp-json\/wp\/v2\/media?parent=56"}],"curies":[{"name":"wp","href":"https:\/\/api.w.org\/{rel}","templated":true}]}}