{"id":582,"date":"2025-05-19T09:22:18","date_gmt":"2025-05-19T09:22:18","guid":{"rendered":"https:\/\/philosophy-and-ai.cs.rptu.de\/?page_id=582"},"modified":"2025-05-19T09:26:19","modified_gmt":"2025-05-19T09:26:19","slug":"the-promise-of-artificial-intelligence-reckoning-and-jugement","status":"publish","type":"page","link":"https:\/\/philosophie-und-ki.cs.rptu.de\/index.php\/the-promise-of-artificial-intelligence-reckoning-and-jugement\/","title":{"rendered":"&#8222;The Promise of Artificial Intelligence &#8211; Reckoning and Judgement&#8220;"},"content":{"rendered":"\n<div class=\"wp-block-media-text is-stacked-on-mobile\"><figure class=\"wp-block-media-text__media\"><img loading=\"lazy\" decoding=\"async\" width=\"692\" height=\"1024\" src=\"https:\/\/philosophy-and-ai.cs.rptu.de\/wp-content\/uploads\/2025\/05\/Smith-692x1024.jpg\" alt=\"\" class=\"wp-image-583 size-full\" srcset=\"https:\/\/philosophie-und-ki.cs.rptu.de\/wp-content\/uploads\/2025\/05\/Smith-692x1024.jpg 692w, https:\/\/philosophie-und-ki.cs.rptu.de\/wp-content\/uploads\/2025\/05\/Smith-203x300.jpg 203w, https:\/\/philosophie-und-ki.cs.rptu.de\/wp-content\/uploads\/2025\/05\/Smith-768x1137.jpg 768w, https:\/\/philosophie-und-ki.cs.rptu.de\/wp-content\/uploads\/2025\/05\/Smith.jpg 1013w\" sizes=\"auto, (max-width: 692px) 100vw, 692px\" \/><\/figure><div class=\"wp-block-media-text__content\">\n<p><strong>Brian C. Smith &#8211; 2019<\/strong><br>In diesem provokativen Buch argumentiert Brian Cantwell Smith, dass die k\u00fcnstliche Intelligenz noch lange nicht in der Lage ist, wirklich intelligente Systeme zu entwickeln. Weder die KI der \u201ezweiten Welle\u201c, das maschinelle Lernen, noch die Visionen einer \u201edritten Welle\u201c von KI werden zu einer Intelligenz und Urteilskraft auf menschlichem Niveau f\u00fchren \u2013 F\u00e4higkeiten, die sich \u00fcber Jahrtausende hinweg entwickelt haben. Auch wenn die j\u00fcngsten Fortschritte in der KI von epochaler Bedeutung sein m\u00f6gen, geh\u00f6rt die menschliche <\/p>\n<\/div><\/div>\n\n\n\n<p>Intelligenz doch einer v\u00f6llig anderen Kategorie an als selbst die leistungsf\u00e4higste rechnergest\u00fctzte F\u00e4higkeit, die durch moderne Rechentechnologien erm\u00f6glicht wird. Smith nennt diese F\u00e4higkeit der KI \u201ereckoning\u201c \u2013 also Kalkulation oder Berechnung \u2013 und argumentiert, dass sie nicht zu vollwertigem menschlichem Urteilsverm\u00f6gen f\u00fchrt: zu einer n\u00fcchternen, abw\u00e4genden Denkweise, die in ethischer Verpflichtung und verantwortlichem Handeln verwurzelt ist. Indem er das Urteilsverm\u00f6gen als das eigentliche Ziel von Intelligenz betrachtet, untersucht Smith die Geschichte der KI von ihren Urspr\u00fcngen in der ersten Welle (\u201egute alte KI\u201c, auch GOFAI genannt) bis hin zu prominenten Ans\u00e4tzen der zweiten Welle wie dem maschinellen Lernen. Dabei widmet er den j\u00fcngsten Entwicklungen besondere Aufmerksamkeit \u2013 jenen Fortschritten, die derzeit f\u00fcr Aufregung, Sorge und \u00f6ffentliche Debatten sorgen. Smith analysiert die jeweiligen Grundannahmen der Technologien, die darin angelegten Vorstellungen von Intelligenz und die bisherigen Erfolge. Er beleuchtet dabei auch den Begriff der Intelligenz selbst \u2013 welche Art von Intelligenz Menschen besitzen und welche Art die KI \u00fcberhaupt anstrebt. Smith \u00e4u\u00dfert die Sorge, dass wir, beeindruckt von der Rechenleistung der KI, unsere Erwartungen an menschliche Intelligenz verschieben k\u00f6nnten. Stattdessen, so sein Pl\u00e4doyer, sollten wir lernen, KI f\u00fcr genau jene rechnerischen Aufgaben zu nutzen, in denen sie gl\u00e4nzt \u2013 und gleichzeitig unsere Verpflichtung zu menschlichem Urteilsverm\u00f6gen, zu Ethik und zur Verantwortung gegen\u00fcber der Welt st\u00e4rken.<\/p>\n","protected":false},"excerpt":{"rendered":"<p>Brian C. Smith &#8211; 2019In diesem provokativen Buch argumentiert Brian Cantwell Smith, dass die k\u00fcnstliche Intelligenz noch lange nicht in der Lage ist, wirklich intelligente Systeme zu entwickeln. Weder die KI der \u201ezweiten Welle\u201c, das maschinelle Lernen, noch die Visionen einer \u201edritten Welle\u201c von KI werden zu einer Intelligenz und Urteilskraft auf menschlichem Niveau f\u00fchren [&hellip;]<\/p>\n","protected":false},"author":1,"featured_media":0,"parent":0,"menu_order":0,"comment_status":"closed","ping_status":"closed","template":"","meta":{"footnotes":""},"class_list":["post-582","page","type-page","status-publish","hentry"],"_links":{"self":[{"href":"https:\/\/philosophie-und-ki.cs.rptu.de\/index.php\/wp-json\/wp\/v2\/pages\/582","targetHints":{"allow":["GET"]}}],"collection":[{"href":"https:\/\/philosophie-und-ki.cs.rptu.de\/index.php\/wp-json\/wp\/v2\/pages"}],"about":[{"href":"https:\/\/philosophie-und-ki.cs.rptu.de\/index.php\/wp-json\/wp\/v2\/types\/page"}],"author":[{"embeddable":true,"href":"https:\/\/philosophie-und-ki.cs.rptu.de\/index.php\/wp-json\/wp\/v2\/users\/1"}],"replies":[{"embeddable":true,"href":"https:\/\/philosophie-und-ki.cs.rptu.de\/index.php\/wp-json\/wp\/v2\/comments?post=582"}],"version-history":[{"count":2,"href":"https:\/\/philosophie-und-ki.cs.rptu.de\/index.php\/wp-json\/wp\/v2\/pages\/582\/revisions"}],"predecessor-version":[{"id":585,"href":"https:\/\/philosophie-und-ki.cs.rptu.de\/index.php\/wp-json\/wp\/v2\/pages\/582\/revisions\/585"}],"wp:attachment":[{"href":"https:\/\/philosophie-und-ki.cs.rptu.de\/index.php\/wp-json\/wp\/v2\/media?parent=582"}],"curies":[{"name":"wp","href":"https:\/\/api.w.org\/{rel}","templated":true}]}}